{"id":87,"date":"2015-10-22T03:17:26","date_gmt":"2015-10-22T03:17:26","guid":{"rendered":"http:\/\/demo.thimpress.com\/eduma\/?page_id=87"},"modified":"2022-05-12T15:37:38","modified_gmt":"2022-05-12T13:37:38","slug":"contacto","status":"publish","type":"page","link":"https:\/\/fpvicentemoya.es\/formacion\/index.php\/contacto\/","title":{"rendered":"Contacto"},"content":{"rendered":"<div id=\"pl-87\"  class=\"panel-layout\" ><div id=\"pg-87-0\"  class=\"panel-grid panel-no-style\" ><div id=\"pgc-87-0-0\"  class=\"panel-grid-cell\" ><div id=\"panel-87-0-0-0\" class=\"so-panel widget widget_heading panel-first-child\" data-index=\"0\" ><div class=\"panel-widget-style panel-widget-style-for-87-0-0-0\" ><div class=\"thim-widget-heading template-base\"><div class=\"sc_heading  text-left\"><h3 style=\"text-transform: uppercase;\" class=\"title\">Informaci\u00f3n de contacto<\/h3><p class=\"sub-heading\" style=\"\">Bienvenido a nuestro sitio web. Estamos encantados de poder ayudarle.<\/p><span class=\"line\"><\/span><\/div><\/div><\/div><\/div><div id=\"panel-87-0-0-1\" class=\"so-panel widget widget_siteorigin-panels-builder\" data-index=\"1\" ><div class=\"thim-border-top panel-widget-style panel-widget-style-for-87-0-0-1\" ><div id=\"pl-w627d0d821687a\"  class=\"panel-layout\" ><div id=\"pg-w627d0d821687a-0\"  class=\"panel-grid panel-no-style\" ><div id=\"pgc-w627d0d821687a-0-0\"  class=\"panel-grid-cell\" ><div id=\"panel-w627d0d821687a-0-0-0\" class=\"so-panel widget widget_icon-box panel-first-child panel-last-child\" data-index=\"0\" ><div class=\"thim-widget-icon-box template-base\"><div class=\"wrapper-box-icon text-left contact_info\"  ><div class=\"smicon-box iconbox-left\"><div class=\"boxes-icon\" style=\"width: 30px;\"><a class=\"icon-box-link\" target=\"_self\" href=\"tel:\/\/676789598\" ><span class=\"inner-icon\"><span class=\"icon\"><i class=\"fa fa-phone\" style=\"color:#ffb606; font-size:24px; line-height:24px; vertical-align: middle;\"><\/i><\/span><\/span><\/a><\/div><div class=\"content-inner\"  style=\"width: calc( 100% - 30px - 15px);\"><div class=\"sc-heading article_heading\"><h3 class = \"heading__primary\" ><a class=\"icon-box-link\" target=\"_self\" href=\"tel:\/\/676789598\" >Tel\u00e9fono<\/a><\/h3><\/div><div class=\"desc-icon-box\"><div class=\"desc-content\" ><a class=\"icon-box-link\" target=\"_self\" href=\"tel:\/\/676789598\" >676.789.598<\/a><\/div><\/div><\/div><\/div><!--end smicon-box--><\/div><\/div><\/div><\/div><div id=\"pgc-w627d0d821687a-0-1\"  class=\"panel-grid-cell\" ><div id=\"panel-w627d0d821687a-0-1-0\" class=\"so-panel widget widget_icon-box panel-first-child panel-last-child\" data-index=\"1\" ><div class=\"thim-widget-icon-box template-base\"><div class=\"wrapper-box-icon text-left contact_info\"  ><div class=\"smicon-box iconbox-left\"><div class=\"boxes-icon\" style=\"width: 30px;\"><span class=\"inner-icon\"><span class=\"icon\"><i class=\"fa fa-envelope\" style=\"color:#ffb606; font-size:24px; line-height:24px; vertical-align: middle;\"><\/i><\/span><\/span><\/div><div class=\"content-inner\"  style=\"width: calc( 100% - 30px - 15px);\"><div class=\"sc-heading article_heading\"><h3 class = \"heading__primary\" >Email<\/h3><\/div><div class=\"desc-icon-box\"><div class=\"desc-content\" ><a href=\"mailto:info@fpvicentemoya.es\">info@fpvicentemoya.es<\/a><\/div><\/div><\/div><\/div><!--end smicon-box--><\/div><\/div><\/div><\/div><\/div><\/div><\/div><\/div><div id=\"panel-87-0-0-2\" class=\"so-panel widget widget_icon-box\" data-index=\"2\" ><div class=\"thim-border-top panel-widget-style panel-widget-style-for-87-0-0-2\" ><div class=\"thim-widget-icon-box template-base\"><div class=\"wrapper-box-icon has_custom_image text-left contact_info\"  ><div class=\"smicon-box iconbox-left\"><div class=\"boxes-icon\" style=\"width: 30px;\"><span class=\"inner-icon\"><span class=\"icon icon-images\"><img fetchpriority=\"high\" decoding=\"async\" src=\"https:\/\/fpvicentemoya.es\/formacion\/wp-content\/uploads\/2018\/11\/whatsapp.png\" alt=\"whatsapp\" title=\"whatsapp\"  width=\"512\" height=\"512\"><\/span><\/span><\/div><div class=\"content-inner\"  style=\"width: calc( 100% - 30px - 15px);\"><div class=\"sc-heading article_heading\"><h3 class = \"heading__primary\" >Whatsapp<\/h3><\/div><div class=\"desc-icon-box\"><div class=\"desc-content\" >676.789.598<\/div><\/div><\/div><\/div><!--end smicon-box--><\/div><\/div><\/div><\/div><div id=\"panel-87-0-0-3\" class=\"so-panel widget widget_icon-box panel-last-child\" data-index=\"3\" ><div class=\"thim-border-top panel-widget-style panel-widget-style-for-87-0-0-3\" ><div class=\"thim-widget-icon-box template-base\"><div class=\"wrapper-box-icon text-left contact_info\"  ><div class=\"smicon-box iconbox-left\"><div class=\"boxes-icon\" style=\"width: 30px;\"><span class=\"inner-icon\"><span class=\"icon\"><i class=\"fa fa-map-marker\" style=\"color:#ffb606; font-size:24px; line-height:24px; vertical-align: middle;\"><\/i><\/span><\/span><\/div><div class=\"content-inner\"  style=\"width: calc( 100% - 30px - 15px);\"><div class=\"sc-heading article_heading\"><h3 class = \"heading__primary\" >Direcci\u00f3n<\/h3><\/div><div class=\"desc-icon-box\"><div class=\"desc-content\" >Avd de Moncloa,18\n28003 Madrid Espa\u00f1a<\/div><\/div><\/div><\/div><!--end smicon-box--><\/div><\/div><\/div><\/div><\/div><div id=\"pgc-87-0-1\"  class=\"panel-grid-cell panel-grid-cell-empty\" ><\/div><div id=\"pgc-87-0-2\"  class=\"panel-grid-cell\" ><div id=\"panel-87-0-2-0\" class=\"so-panel widget widget_heading panel-first-child\" data-index=\"4\" ><div class=\"panel-widget-style panel-widget-style-for-87-0-2-0\" ><div class=\"thim-widget-heading template-base\"><div class=\"sc_heading  text-left\"><h3 style=\"text-transform: uppercase;\" class=\"title\">Enviar una consulta<\/h3><p class=\"sub-heading\" style=\"\">Su direcci\u00f3n de correo electr\u00f3nico no ser\u00e1 publicada. Los campos obligatorios est\u00e1n marcados.<\/p><span class=\"line\"><\/span><\/div><\/div><\/div><\/div><div id=\"panel-87-0-2-1\" class=\"so-panel widget widget_text panel-last-child\" data-index=\"5\" >\t\t\t<div class=\"textwidget\">\n<div class=\"wpcf7 no-js\" id=\"wpcf7-f4-o1\" lang=\"en-US\" dir=\"ltr\" data-wpcf7-id=\"4\">\n<div class=\"screen-reader-response\"><p role=\"status\" aria-live=\"polite\" aria-atomic=\"true\"><\/p> <ul><\/ul><\/div>\n<form action=\"\/formacion\/index.php\/wp-json\/wp\/v2\/pages\/87#wpcf7-f4-o1\" method=\"post\" class=\"wpcf7-form init\" aria-label=\"Contact form\" novalidate=\"novalidate\" data-status=\"init\">\n<fieldset class=\"hidden-fields-container\"><input type=\"hidden\" name=\"_wpcf7\" value=\"4\" \/><input type=\"hidden\" name=\"_wpcf7_version\" value=\"6.1\" \/><input type=\"hidden\" name=\"_wpcf7_locale\" value=\"en_US\" \/><input type=\"hidden\" name=\"_wpcf7_unit_tag\" value=\"wpcf7-f4-o1\" \/><input type=\"hidden\" name=\"_wpcf7_container_post\" value=\"0\" \/><input type=\"hidden\" name=\"_wpcf7_posted_data_hash\" value=\"\" \/>\n<\/fieldset>\n<p><span class=\"wpcf7-form-control-wrap\" data-name=\"your-name\"><input size=\"40\" maxlength=\"400\" class=\"wpcf7-form-control wpcf7-text wpcf7-validates-as-required\" aria-required=\"true\" aria-invalid=\"false\" placeholder=\"Nombre *\" value=\"\" type=\"text\" name=\"your-name\" \/><\/span>\n<\/p>\n<p><span class=\"wpcf7-form-control-wrap\" data-name=\"your-email\"><input size=\"40\" maxlength=\"400\" class=\"wpcf7-form-control wpcf7-email wpcf7-validates-as-required wpcf7-text wpcf7-validates-as-email\" aria-required=\"true\" aria-invalid=\"false\" placeholder=\"Email *\" value=\"\" type=\"email\" name=\"your-email\" \/><\/span>\n<\/p>\n<p><span class=\"wpcf7-form-control-wrap\" data-name=\"Telefono\"><input size=\"40\" maxlength=\"400\" class=\"wpcf7-form-control wpcf7-tel wpcf7-validates-as-required wpcf7-text wpcf7-validates-as-tel\" aria-required=\"true\" aria-invalid=\"false\" placeholder=\"Tel\u00e9fono *\" value=\"\" type=\"tel\" name=\"Telefono\" \/><\/span>\n<\/p>\n<p><span class=\"wpcf7-form-control-wrap\" data-name=\"your-subject\"><input size=\"40\" maxlength=\"400\" class=\"wpcf7-form-control wpcf7-text wpcf7-validates-as-required\" aria-required=\"true\" aria-invalid=\"false\" placeholder=\"Asunto *\" value=\"\" type=\"text\" name=\"your-subject\" \/><\/span>\n<\/p>\n<p><span class=\"wpcf7-form-control-wrap\" data-name=\"your-message\"><textarea cols=\"40\" rows=\"10\" maxlength=\"2000\" class=\"wpcf7-form-control wpcf7-textarea wpcf7-validates-as-required\" aria-required=\"true\" aria-invalid=\"false\" placeholder=\"Mensaje *\" name=\"your-message\"><\/textarea><\/span>\n<\/p>\n<p><input class=\"wpcf7-form-control wpcf7-submit has-spinner\" type=\"submit\" value=\"Enviar.\" \/>\n<\/p><div class=\"wpcf7-response-output\" aria-hidden=\"true\"><\/div>\n<\/form>\n<\/div>\n<\/div>\n\t\t<\/div><\/div><\/div><div id=\"pg-87-1\"  class=\"panel-grid panel-no-style\" ><div id=\"pgc-87-1-0\"  class=\"panel-grid-cell\" ><div id=\"panel-87-1-0-0\" class=\"so-panel widget widget_heading panel-first-child\" data-index=\"6\" ><div class=\"thim-widget-heading template-base\"><div class=\"sc_heading  text-left\"><h3 style=\"text-transform: uppercase;\" class=\"title\">Localizaci\u00f3n en el mapa<\/h3><span class=\"line\"><\/span><\/div><\/div><\/div><div id=\"panel-87-1-0-1\" class=\"so-panel widget widget_sow-editor panel-last-child\" data-index=\"7\" ><div\n\t\t\t\n\t\t\tclass=\"so-widget-sow-editor so-widget-sow-editor-base\"\n\t\t\t\n\t\t>\n<div class=\"siteorigin-widget-tinymce textwidget\">\n\t<p style=\"text-align: center;\"><iframe style=\"border: 0;\" src=\"https:\/\/www.google.com\/maps\/embed?pb=!1m18!1m12!1m3!1d3036.284749878541!2d-3.7198521846031483!3d40.4468341793617!2m3!1f0!2f0!3f0!3m2!1i1024!2i768!4f13.1!3m3!1m2!1s0xd42284eb613eb57%3A0xa6dce2a7d0f83307!2sAv.+Moncloa%2C+18%2C+28003+Madrid!5e0!3m2!1ses!2ses!4v1541372317266\" width=\"600\" height=\"450\" frameborder=\"0\" allowfullscreen=\"allowfullscreen\"><\/iframe><\/p>\n<\/div>\n<\/div><\/div><\/div><\/div><\/div>","protected":false},"excerpt":{"rendered":"<p>Informaci\u00f3n de contactoBienvenido a nuestro sitio web. Estamos encantados de poder ayudarle.Tel\u00e9fono676.789.598Emailinfo@fpvicentemoya.esWhatsapp676.789.598Direcci\u00f3nAvd de Moncloa,18 28003 Madrid Espa\u00f1aEnviar una consultaSu direcci\u00f3n de correo electr\u00f3nico no ser\u00e1 publicada. Los campos obligatorios est\u00e1n marcados. Localizaci\u00f3n en el mapa<\/p>\n","protected":false},"author":1,"featured_media":0,"parent":0,"menu_order":0,"comment_status":"closed","ping_status":"closed","template":"","meta":{"_monsterinsights_skip_tracking":false,"_monsterinsights_sitenote_active":false,"_monsterinsights_sitenote_note":"","_monsterinsights_sitenote_category":0,"footnotes":""},"class_list":["post-87","page","type-page","status-publish","hentry"],"yoast_head":"<!-- This site is optimized with the Yoast SEO plugin v25.4 - https:\/\/yoast.com\/wordpress\/plugins\/seo\/ -->\n<title>Contacto - FP Vicente Moya<\/title>\n<meta name=\"robots\" content=\"index, follow, max-snippet:-1, max-image-preview:large, max-video-preview:-1\" \/>\n<link rel=\"canonical\" href=\"https:\/\/fpvicentemoya.es\/formacion\/index.php\/contacto\/\" \/>\n<meta property=\"og:locale\" content=\"es_ES\" \/>\n<meta property=\"og:type\" content=\"article\" \/>\n<meta property=\"og:title\" content=\"Contacto - FP Vicente Moya\" \/>\n<meta property=\"og:description\" content=\"Informaci\u00f3n de contactoBienvenido a nuestro sitio web. Estamos encantados de poder ayudarle.Tel\u00e9fono676.789.598Emailinfo@fpvicentemoya.esWhatsapp676.789.598Direcci\u00f3nAvd de Moncloa,18 28003 Madrid Espa\u00f1aEnviar una consultaSu direcci\u00f3n de correo electr\u00f3nico no ser\u00e1 publicada. Los campos obligatorios est\u00e1n marcados. Localizaci\u00f3n en el mapa\" \/>\n<meta property=\"og:url\" content=\"https:\/\/fpvicentemoya.es\/formacion\/index.php\/contacto\/\" \/>\n<meta property=\"og:site_name\" content=\"FP Vicente Moya\" \/>\n<meta property=\"article:modified_time\" content=\"2022-05-12T13:37:38+00:00\" \/>\n<meta name=\"twitter:card\" content=\"summary_large_image\" \/>\n<script type=\"application\/ld+json\" class=\"yoast-schema-graph\">{\"@context\":\"https:\/\/schema.org\",\"@graph\":[{\"@type\":\"WebPage\",\"@id\":\"https:\/\/fpvicentemoya.es\/formacion\/index.php\/contacto\/\",\"url\":\"https:\/\/fpvicentemoya.es\/formacion\/index.php\/contacto\/\",\"name\":\"Contacto - FP Vicente Moya\",\"isPartOf\":{\"@id\":\"https:\/\/fpvicentemoya.es\/formacion\/#website\"},\"datePublished\":\"2015-10-22T03:17:26+00:00\",\"dateModified\":\"2022-05-12T13:37:38+00:00\",\"breadcrumb\":{\"@id\":\"https:\/\/fpvicentemoya.es\/formacion\/index.php\/contacto\/#breadcrumb\"},\"inLanguage\":\"es\",\"potentialAction\":[{\"@type\":\"ReadAction\",\"target\":[\"https:\/\/fpvicentemoya.es\/formacion\/index.php\/contacto\/\"]}]},{\"@type\":\"BreadcrumbList\",\"@id\":\"https:\/\/fpvicentemoya.es\/formacion\/index.php\/contacto\/#breadcrumb\",\"itemListElement\":[{\"@type\":\"ListItem\",\"position\":1,\"name\":\"Portada\",\"item\":\"https:\/\/fpvicentemoya.es\/formacion\/\"},{\"@type\":\"ListItem\",\"position\":2,\"name\":\"Contacto\"}]},{\"@type\":\"WebSite\",\"@id\":\"https:\/\/fpvicentemoya.es\/formacion\/#website\",\"url\":\"https:\/\/fpvicentemoya.es\/formacion\/\",\"name\":\"FP Vicente Moya\",\"description\":\"Formaci\u00f3n especializada\",\"potentialAction\":[{\"@type\":\"SearchAction\",\"target\":{\"@type\":\"EntryPoint\",\"urlTemplate\":\"https:\/\/fpvicentemoya.es\/formacion\/?s={search_term_string}\"},\"query-input\":{\"@type\":\"PropertyValueSpecification\",\"valueRequired\":true,\"valueName\":\"search_term_string\"}}],\"inLanguage\":\"es\"}]}<\/script>\n<!-- \/ Yoast SEO plugin. -->","yoast_head_json":{"title":"Contacto - FP Vicente Moya","robots":{"index":"index","follow":"follow","max-snippet":"max-snippet:-1","max-image-preview":"max-image-preview:large","max-video-preview":"max-video-preview:-1"},"canonical":"https:\/\/fpvicentemoya.es\/formacion\/index.php\/contacto\/","og_locale":"es_ES","og_type":"article","og_title":"Contacto - FP Vicente Moya","og_description":"Informaci\u00f3n de contactoBienvenido a nuestro sitio web. Estamos encantados de poder ayudarle.Tel\u00e9fono676.789.598Emailinfo@fpvicentemoya.esWhatsapp676.789.598Direcci\u00f3nAvd de Moncloa,18 28003 Madrid Espa\u00f1aEnviar una consultaSu direcci\u00f3n de correo electr\u00f3nico no ser\u00e1 publicada. Los campos obligatorios est\u00e1n marcados. Localizaci\u00f3n en el mapa","og_url":"https:\/\/fpvicentemoya.es\/formacion\/index.php\/contacto\/","og_site_name":"FP Vicente Moya","article_modified_time":"2022-05-12T13:37:38+00:00","twitter_card":"summary_large_image","schema":{"@context":"https:\/\/schema.org","@graph":[{"@type":"WebPage","@id":"https:\/\/fpvicentemoya.es\/formacion\/index.php\/contacto\/","url":"https:\/\/fpvicentemoya.es\/formacion\/index.php\/contacto\/","name":"Contacto - FP Vicente Moya","isPartOf":{"@id":"https:\/\/fpvicentemoya.es\/formacion\/#website"},"datePublished":"2015-10-22T03:17:26+00:00","dateModified":"2022-05-12T13:37:38+00:00","breadcrumb":{"@id":"https:\/\/fpvicentemoya.es\/formacion\/index.php\/contacto\/#breadcrumb"},"inLanguage":"es","potentialAction":[{"@type":"ReadAction","target":["https:\/\/fpvicentemoya.es\/formacion\/index.php\/contacto\/"]}]},{"@type":"BreadcrumbList","@id":"https:\/\/fpvicentemoya.es\/formacion\/index.php\/contacto\/#breadcrumb","itemListElement":[{"@type":"ListItem","position":1,"name":"Portada","item":"https:\/\/fpvicentemoya.es\/formacion\/"},{"@type":"ListItem","position":2,"name":"Contacto"}]},{"@type":"WebSite","@id":"https:\/\/fpvicentemoya.es\/formacion\/#website","url":"https:\/\/fpvicentemoya.es\/formacion\/","name":"FP Vicente Moya","description":"Formaci\u00f3n especializada","potentialAction":[{"@type":"SearchAction","target":{"@type":"EntryPoint","urlTemplate":"https:\/\/fpvicentemoya.es\/formacion\/?s={search_term_string}"},"query-input":{"@type":"PropertyValueSpecification","valueRequired":true,"valueName":"search_term_string"}}],"inLanguage":"es"}]}},"_links":{"self":[{"href":"https:\/\/fpvicentemoya.es\/formacion\/index.php\/wp-json\/wp\/v2\/pages\/87","targetHints":{"allow":["GET"]}}],"collection":[{"href":"https:\/\/fpvicentemoya.es\/formacion\/index.php\/wp-json\/wp\/v2\/pages"}],"about":[{"href":"https:\/\/fpvicentemoya.es\/formacion\/index.php\/wp-json\/wp\/v2\/types\/page"}],"author":[{"embeddable":true,"href":"https:\/\/fpvicentemoya.es\/formacion\/index.php\/wp-json\/wp\/v2\/users\/1"}],"replies":[{"embeddable":true,"href":"https:\/\/fpvicentemoya.es\/formacion\/index.php\/wp-json\/wp\/v2\/comments?post=87"}],"version-history":[{"count":28,"href":"https:\/\/fpvicentemoya.es\/formacion\/index.php\/wp-json\/wp\/v2\/pages\/87\/revisions"}],"predecessor-version":[{"id":4985,"href":"https:\/\/fpvicentemoya.es\/formacion\/index.php\/wp-json\/wp\/v2\/pages\/87\/revisions\/4985"}],"wp:attachment":[{"href":"https:\/\/fpvicentemoya.es\/formacion\/index.php\/wp-json\/wp\/v2\/media?parent=87"}],"curies":[{"name":"wp","href":"https:\/\/api.w.org\/{rel}","templated":true}]}}