{"id":5395,"date":"2025-06-26T23:21:13","date_gmt":"2025-06-26T21:21:13","guid":{"rendered":"https:\/\/fpvicentemoya.es\/formacion\/?page_id=5395"},"modified":"2025-06-26T23:25:14","modified_gmt":"2025-06-26T21:25:14","slug":"cours-officiel-en-audiologie-prothetique","status":"publish","type":"page","link":"https:\/\/fpvicentemoya.es\/formacion\/index.php\/fr\/cours-officiel-en-audiologie-prothetique\/","title":{"rendered":"Cours officiel en audiologie proth\u00e9tique"},"content":{"rendered":"\t\t<div data-elementor-type=\"wp-page\" data-elementor-id=\"5395\" class=\"elementor elementor-5395\" data-elementor-post-type=\"page\">\n\t\t\t\t\t\t<section class=\"elementor-section elementor-top-section elementor-element elementor-element-ad44a30 elementor-section-full_width elementor-section-height-default elementor-section-height-default\" data-id=\"ad44a30\" data-element_type=\"section\">\n\t\t\t\t\t\t<div class=\"elementor-container elementor-column-gap-default\">\n\t\t\t\t\t<div class=\"elementor-column elementor-col-100 elementor-top-column elementor-element elementor-element-bb14c69\" data-id=\"bb14c69\" data-element_type=\"column\">\n\t\t\t<div class=\"elementor-widget-wrap elementor-element-populated\">\n\t\t\t\t\t\t<div class=\"elementor-element elementor-element-72089d8 elementor-widget elementor-widget-heading\" data-id=\"72089d8\" data-element_type=\"widget\" data-widget_type=\"heading.default\">\n\t\t\t\t<div class=\"elementor-widget-container\">\n\t\t\t\t\t<h2 class=\"elementor-heading-title elementor-size-default\">Formation professionnelle Vicente Moya<\/h2>\t\t\t\t<\/div>\n\t\t\t\t<\/div>\n\t\t\t\t<div class=\"elementor-element elementor-element-4693899 elementor-widget elementor-widget-text-editor\" data-id=\"4693899\" data-element_type=\"widget\" data-widget_type=\"text-editor.default\">\n\t\t\t\t<div class=\"elementor-widget-container\">\n\t\t\t\t\t\t\t\t\t<p style=\"text-align: center;\">\u00ab Nous soutenons les objectifs acad\u00e9miques et professionnels de nos \u00e9tudiants. \u00bb<\/p>\t\t\t\t\t\t\t\t<\/div>\n\t\t\t\t<\/div>\n\t\t\t\t<div class=\"elementor-element elementor-element-59b3adb elementor-widget-divider--view-line elementor-widget elementor-widget-divider\" data-id=\"59b3adb\" data-element_type=\"widget\" data-widget_type=\"divider.default\">\n\t\t\t\t<div class=\"elementor-widget-container\">\n\t\t\t\t\t\t\t<div class=\"elementor-divider\">\n\t\t\t<span class=\"elementor-divider-separator\">\n\t\t\t\t\t\t<\/span>\n\t\t<\/div>\n\t\t\t\t\t\t<\/div>\n\t\t\t\t<\/div>\n\t\t\t\t\t<\/div>\n\t\t<\/div>\n\t\t\t\t\t<\/div>\n\t\t<\/section>\n\t\t\t\t<section class=\"elementor-section elementor-top-section elementor-element elementor-element-ccc03eb elementor-section-boxed elementor-section-height-default elementor-section-height-default\" data-id=\"ccc03eb\" data-element_type=\"section\">\n\t\t\t\t\t\t<div class=\"elementor-container elementor-column-gap-default\">\n\t\t\t\t\t<div class=\"elementor-column elementor-col-100 elementor-top-column elementor-element elementor-element-65cab3d\" data-id=\"65cab3d\" data-element_type=\"column\">\n\t\t\t<div class=\"elementor-widget-wrap elementor-element-populated\">\n\t\t\t\t\t\t<div class=\"elementor-element elementor-element-e6a80c9 elementor-tabs-view-horizontal elementor-widget elementor-widget-tabs\" data-id=\"e6a80c9\" data-element_type=\"widget\" data-widget_type=\"tabs.default\">\n\t\t\t\t<div class=\"elementor-widget-container\">\n\t\t\t\t\t\t\t<div class=\"elementor-tabs\">\n\t\t\t<div class=\"elementor-tabs-wrapper\" role=\"tablist\" >\n\t\t\t\t\t\t\t\t\t<div id=\"elementor-tab-title-2411\" class=\"elementor-tab-title elementor-tab-desktop-title\" aria-selected=\"true\" data-tab=\"1\" role=\"tab\" tabindex=\"0\" aria-controls=\"elementor-tab-content-2411\" aria-expanded=\"false\">General<\/div>\n\t\t\t\t\t\t\t\t\t<div id=\"elementor-tab-title-2412\" class=\"elementor-tab-title elementor-tab-desktop-title\" aria-selected=\"false\" data-tab=\"2\" role=\"tab\" tabindex=\"-1\" aria-controls=\"elementor-tab-content-2412\" aria-expanded=\"false\">Contenu<\/div>\n\t\t\t\t\t\t\t\t\t<div id=\"elementor-tab-title-2413\" class=\"elementor-tab-title elementor-tab-desktop-title\" aria-selected=\"false\" data-tab=\"3\" role=\"tab\" tabindex=\"-1\" aria-controls=\"elementor-tab-content-2413\" aria-expanded=\"false\">Exigences<\/div>\n\t\t\t\t\t\t\t\t\t<div id=\"elementor-tab-title-2414\" class=\"elementor-tab-title elementor-tab-desktop-title\" aria-selected=\"false\" data-tab=\"4\" role=\"tab\" tabindex=\"-1\" aria-controls=\"elementor-tab-content-2414\" aria-expanded=\"false\">Calendrier<\/div>\n\t\t\t\t\t\t\t<\/div>\n\t\t\t<div class=\"elementor-tabs-content-wrapper\" role=\"tablist\" aria-orientation=\"vertical\">\n\t\t\t\t\t\t\t\t\t<div class=\"elementor-tab-title elementor-tab-mobile-title\" aria-selected=\"true\" data-tab=\"1\" role=\"tab\" tabindex=\"0\" aria-controls=\"elementor-tab-content-2411\" aria-expanded=\"false\">General<\/div>\n\t\t\t\t\t<div id=\"elementor-tab-content-2411\" class=\"elementor-tab-content elementor-clearfix\" data-tab=\"1\" role=\"tabpanel\" aria-labelledby=\"elementor-tab-title-2411\" tabindex=\"0\" hidden=\"false\"><h3><strong>Cette qualification vous permet de\u00a0:<\/strong><\/h3><ul><li>R\u00e9aliser des examens audiologiques et des tests auditifs ;<\/li><li>Produire des embouts et des protections auditives, et s\u00e9lectionner l\u2019embout appropri\u00e9 \u00e0 chaque patient ;<\/li><li>Adapter des proth\u00e8ses auditives adapt\u00e9es \u00e0 chaque patient ;<\/li><li>Identifier les dysfonctionnements et r\u00e9parer les proth\u00e8ses auditives ;<\/li><li>Recommander des mesures sp\u00e9cifiques de protection contre le bruit ;<\/li><li>Mesurer les niveaux sonores dans les salles afin d\u2019\u00e9tablir des rapports et des cartes de niveaux sonores.<\/li><\/ul><h3><strong>La qualification obtenue gr\u00e2ce \u00e0 ce cycle de formation permettra aux \u00e9tudiants d\u2019acc\u00e9der \u00e0 des formations sup\u00e9rieures telles que :<\/strong><\/h3><ul><li>Tous les dipl\u00f4mes universitaires officiels de premier cycle\u00a0;<\/li><li>L\u2019acc\u00e8s aux dipl\u00f4mes universitaires officiels de premier cycle en ing\u00e9nierie, architecture ou sciences de la sant\u00e9.<\/li><li>Aux fins de reconnaissance des cr\u00e9dits entre ce dipl\u00f4me et les dipl\u00f4mes universitaires de premier cycle, 120 cr\u00e9dits ont \u00e9t\u00e9 attribu\u00e9s via le Syst\u00e8me europ\u00e9en de transfert de cr\u00e9dits (SECT), r\u00e9partis entre les modules professionnels de ce cycle de formation.<\/li><\/ul><h3><strong>D\u00e9bouch\u00e9s professionnels offerts par ce cycle de formation :<\/strong><\/h3><ul><li>Audioproth\u00e9siste sup\u00e9rieur ;<\/li><li>Audioproth\u00e9siste ;<\/li><li>Technicien en fabrication d\u2019embouts et d\u2019appareils auditifs ;<\/li><li>Technicien en mesure du niveau sonore\u00a0; Audiom\u00e9triste.<\/li><\/ul><p>\u00a0<\/p><\/div>\n\t\t\t\t\t\t\t\t\t<div class=\"elementor-tab-title elementor-tab-mobile-title\" aria-selected=\"false\" data-tab=\"2\" role=\"tab\" tabindex=\"-1\" aria-controls=\"elementor-tab-content-2412\" aria-expanded=\"false\">Contenu<\/div>\n\t\t\t\t\t<div id=\"elementor-tab-content-2412\" class=\"elementor-tab-content elementor-clearfix\" data-tab=\"2\" role=\"tabpanel\" aria-labelledby=\"elementor-tab-title-2412\" tabindex=\"0\" hidden=\"hidden\"><h3><strong>Modules inclus dans le cycle de formation\u00a0:<\/strong><\/h3><ul><li>\u00c9l\u00e9ments d&#8217;acoustique et de protection acoustique<\/li><li>Caract\u00e9ristiques anatomo-sensorielles de l&#8217;audition<\/li><li>Fabrication d&#8217;embouts et de protecteurs auditifs<\/li><li>Technologie \u00e9lectronique des aides auditives<\/li><li>Prise en charge des personnes malentendantes<\/li><li>Audition et communication verbale<\/li><li>S\u00e9lection et adaptation d&#8217;aides auditives<\/li><li>Entreprise et entrepreneuriat<\/li><li>Formation et orientation professionnelle<\/li><li>Anglais technique pour les dipl\u00f4mes sup\u00e9rieurs<\/li><\/ul><h3><strong>Formation en entreprise<\/strong><\/h3><ul><li>Ces stages se d\u00e9roulent aux quatri\u00e8me et cinqui\u00e8me trimestres.<\/li><li>Les \u00e9tudiants peuvent demander la validation des \u00e9tudes suivies en lien avec les enseignements de ce cycle, y compris le module de formation en entreprise.<\/li><\/ul><h3><strong>Projet de fin d&#8217;\u00e9tudes<\/strong><\/h3><ul><li>Les \u00e9tudiants seront \u00e9valu\u00e9s lors du projet de proth\u00e8se audiologique du dernier trimestre, une fois les modules du cycle de formation valid\u00e9s.<\/li><\/ul><\/div>\n\t\t\t\t\t\t\t\t\t<div class=\"elementor-tab-title elementor-tab-mobile-title\" aria-selected=\"false\" data-tab=\"3\" role=\"tab\" tabindex=\"-1\" aria-controls=\"elementor-tab-content-2413\" aria-expanded=\"false\">Exigences<\/div>\n\t\t\t\t\t<div id=\"elementor-tab-content-2413\" class=\"elementor-tab-content elementor-clearfix\" data-tab=\"3\" role=\"tabpanel\" aria-labelledby=\"elementor-tab-title-2413\" tabindex=\"0\" hidden=\"hidden\"><p style=\"text-align: left;\"><strong>Conditions d&#8217;admission<\/strong><\/p><p style=\"text-align: left;\">L&#8217;un des dipl\u00f4mes ou accr\u00e9ditations suivants est suffisant pour acc\u00e9der \u00e0 ce cycle de formation\u00a0:<\/p><ul><li>Dipl\u00f4me d&#8217;\u00e9tudes secondaires (LOE ou LOGSE) ou C.O.U.<\/li><li>Dipl\u00f4me de technicien sup\u00e9rieur de formation professionnelle sp\u00e9cifique<\/li><li>Dipl\u00f4me de technicien sp\u00e9cialis\u00e9 (FPII)<\/li><li>Dipl\u00f4me de technicien interm\u00e9diaire<\/li><li>R\u00e9ussite au concours d&#8217;entr\u00e9e aux formations professionnelles ou au concours d&#8217;entr\u00e9e pour les plus de 25 ans<\/li><\/ul><\/div>\n\t\t\t\t\t\t\t\t\t<div class=\"elementor-tab-title elementor-tab-mobile-title\" aria-selected=\"false\" data-tab=\"4\" role=\"tab\" tabindex=\"-1\" aria-controls=\"elementor-tab-content-2414\" aria-expanded=\"false\">Calendrier<\/div>\n\t\t\t\t\t<div id=\"elementor-tab-content-2414\" class=\"elementor-tab-content elementor-clearfix\" data-tab=\"4\" role=\"tabpanel\" aria-labelledby=\"elementor-tab-title-2414\" tabindex=\"0\" hidden=\"hidden\"><h3><strong>Dates de d\u00e9but, de fin et de pr\u00e9sence au cours\u00a0:<\/strong><\/h3><ul><li>Les inscriptions sont ouvertes.<\/li><li>La dur\u00e9e totale du programme est de 21 mois, d&#8217;octobre \u00e0 juin.<\/li><li>Les examens finaux auront lieu \u00e0 la fin du cours.<\/li><li>La formation est \u00e0 distance ; les \u00e9tudiants sont uniquement tenus de se pr\u00e9senter \u00e0 l&#8217;examen final en pr\u00e9sentiel pour chaque mati\u00e8re. Cependant, l&#8217;\u00e9cole offre \u00e0 tous les \u00e9tudiants, sur la base du volontariat :<ul><li>Du mat\u00e9riel p\u00e9dagogique th\u00e9orique et pratique ;<\/li><li>Des s\u00e9minaires pratiques en pr\u00e9sentiel, avec un \u00e9quipement technique professionnel, pour renforcer l&#8217;apprentissage des techniques n\u00e9cessaires au d\u00e9veloppement optimal des \u00e9tudiants ;<\/li><li>Du tutorat \u00e0 distance et en pr\u00e9sentiel.<\/li><\/ul><\/li><\/ul><\/div>\n\t\t\t\t\t\t\t<\/div>\n\t\t<\/div>\n\t\t\t\t\t\t<\/div>\n\t\t\t\t<\/div>\n\t\t\t\t<div class=\"elementor-element elementor-element-f68e27c elementor-widget-divider--view-line elementor-widget elementor-widget-divider\" data-id=\"f68e27c\" data-element_type=\"widget\" data-widget_type=\"divider.default\">\n\t\t\t\t<div class=\"elementor-widget-container\">\n\t\t\t\t\t\t\t<div class=\"elementor-divider\">\n\t\t\t<span class=\"elementor-divider-separator\">\n\t\t\t\t\t\t<\/span>\n\t\t<\/div>\n\t\t\t\t\t\t<\/div>\n\t\t\t\t<\/div>\n\t\t\t\t\t<\/div>\n\t\t<\/div>\n\t\t\t\t\t<\/div>\n\t\t<\/section>\n\t\t\t\t<section class=\"elementor-section elementor-top-section elementor-element elementor-element-aa38996 elementor-section-boxed elementor-section-height-default elementor-section-height-default\" data-id=\"aa38996\" data-element_type=\"section\">\n\t\t\t\t\t\t<div class=\"elementor-container elementor-column-gap-default\">\n\t\t\t\t\t<div class=\"elementor-column elementor-col-100 elementor-top-column elementor-element elementor-element-79b9a54\" data-id=\"79b9a54\" data-element_type=\"column\">\n\t\t\t<div class=\"elementor-widget-wrap elementor-element-populated\">\n\t\t\t\t\t\t<div class=\"elementor-element elementor-element-70f3679 elementor-widget elementor-widget-text-editor\" data-id=\"70f3679\" data-element_type=\"widget\" data-widget_type=\"text-editor.default\">\n\t\t\t\t<div class=\"elementor-widget-container\">\n\t\t\t\t\t\t\t\t\t<h3><strong>D\u00e9velopper les informations<\/strong><\/h3>\t\t\t\t\t\t\t\t<\/div>\n\t\t\t\t<\/div>\n\t\t\t\t<div class=\"elementor-element elementor-element-f060ab1 elementor-widget elementor-widget-shortcode\" data-id=\"f060ab1\" data-element_type=\"widget\" data-widget_type=\"shortcode.default\">\n\t\t\t\t<div class=\"elementor-widget-container\">\n\t\t\t\t\t\t\t<div class=\"elementor-shortcode\">\n<div class=\"wpcf7 no-js\" id=\"wpcf7-f5382-o1\" lang=\"en-US\" dir=\"ltr\" data-wpcf7-id=\"5382\">\n<div class=\"screen-reader-response\"><p role=\"status\" aria-live=\"polite\" aria-atomic=\"true\"><\/p> <ul><\/ul><\/div>\n<form action=\"\/formacion\/index.php\/wp-json\/wp\/v2\/pages\/5395#wpcf7-f5382-o1\" method=\"post\" class=\"wpcf7-form init\" aria-label=\"Contact form\" novalidate=\"novalidate\" data-status=\"init\">\n<fieldset class=\"hidden-fields-container\"><input type=\"hidden\" name=\"_wpcf7\" value=\"5382\" \/><input type=\"hidden\" name=\"_wpcf7_version\" value=\"6.1\" \/><input type=\"hidden\" name=\"_wpcf7_locale\" value=\"en_US\" \/><input type=\"hidden\" name=\"_wpcf7_unit_tag\" value=\"wpcf7-f5382-o1\" \/><input type=\"hidden\" name=\"_wpcf7_container_post\" value=\"0\" \/><input type=\"hidden\" name=\"_wpcf7_posted_data_hash\" value=\"\" \/>\n<\/fieldset>\n<p><span class=\"wpcf7-form-control-wrap\" data-name=\"your-name\"><input size=\"40\" maxlength=\"400\" class=\"wpcf7-form-control wpcf7-text wpcf7-validates-as-required\" aria-required=\"true\" aria-invalid=\"false\" placeholder=\"Nom*\" value=\"\" type=\"text\" name=\"your-name\" \/><\/span>\n<\/p>\n<p><span class=\"wpcf7-form-control-wrap\" data-name=\"your-email\"><input size=\"40\" maxlength=\"400\" class=\"wpcf7-form-control wpcf7-email wpcf7-validates-as-required wpcf7-text wpcf7-validates-as-email\" aria-required=\"true\" aria-invalid=\"false\" placeholder=\"Email *\" value=\"\" type=\"email\" name=\"your-email\" \/><\/span>\n<\/p>\n<p><span class=\"wpcf7-form-control-wrap\" data-name=\"Telefono\"><input size=\"40\" maxlength=\"400\" class=\"wpcf7-form-control wpcf7-tel wpcf7-validates-as-required wpcf7-text wpcf7-validates-as-tel\" aria-required=\"true\" aria-invalid=\"false\" placeholder=\"T\u00e9l\u00e9phone*\" value=\"\" type=\"tel\" name=\"Telefono\" \/><\/span>\n<\/p>\n<p>Marquez le ou les cours qui vous int\u00e9ressent\n<\/p>\n<p><br \/>\n<span class=\"wpcf7-form-control-wrap\" data-name=\"Curso_De_Interes\"><span class=\"wpcf7-form-control wpcf7-checkbox wpcf7-validates-as-required\"><span class=\"wpcf7-list-item first\"><label><input type=\"checkbox\" name=\"Curso_De_Interes[]\" value=\"TS Audiologie OFFICIELLE pour appareils auditifs\" \/><span class=\"wpcf7-list-item-label\">TS Audiologie OFFICIELLE pour appareils auditifs<\/span><\/label><\/span><span class=\"wpcf7-list-item last\"><label><input type=\"checkbox\" name=\"Curso_De_Interes[]\" value=\"Cours d&#039;introduction \u00e0 l&#039;audiologie des proth\u00e8ses auditives\" \/><span class=\"wpcf7-list-item-label\">Cours d&#039;introduction \u00e0 l&#039;audiologie des proth\u00e8ses auditives<\/span><\/label><\/span><\/span><\/span>\n<\/p>\n<p><span class=\"wpcf7-form-control-wrap\" data-name=\"your-message\"><textarea cols=\"40\" rows=\"10\" maxlength=\"2000\" class=\"wpcf7-form-control wpcf7-textarea wpcf7-validates-as-required\" aria-required=\"true\" aria-invalid=\"false\" placeholder=\"Message*\" name=\"your-message\"><\/textarea><\/span>\n<\/p>\n<p><input class=\"wpcf7-form-control wpcf7-submit has-spinner\" type=\"submit\" value=\"envoyer.\" \/>\n<\/p><div class=\"wpcf7-response-output\" aria-hidden=\"true\"><\/div>\n<\/form>\n<\/div>\n<\/div>\n\t\t\t\t\t\t<\/div>\n\t\t\t\t<\/div>\n\t\t\t\t\t<\/div>\n\t\t<\/div>\n\t\t\t\t\t<\/div>\n\t\t<\/section>\n\t\t\t\t<\/div>\n\t\t","protected":false},"excerpt":{"rendered":"<p>Formation professionnelle Vicente Moya \u00ab Nous soutenons les objectifs acad\u00e9miques et professionnels de nos \u00e9tudiants. \u00bb General Contenu Exigences Calendrier General Cette qualification vous permet de\u00a0: R\u00e9aliser des examens audiologiques et des tests auditifs ; Produire des embouts et des &hellip; <\/p>\n","protected":false},"author":1,"featured_media":4770,"parent":0,"menu_order":0,"comment_status":"closed","ping_status":"closed","template":"","meta":{"_monsterinsights_skip_tracking":false,"_monsterinsights_sitenote_active":false,"_monsterinsights_sitenote_note":"","_monsterinsights_sitenote_category":0,"footnotes":""},"class_list":["post-5395","page","type-page","status-publish","has-post-thumbnail","hentry"],"yoast_head":"<!-- This site is optimized with the Yoast SEO plugin v25.4 - https:\/\/yoast.com\/wordpress\/plugins\/seo\/ -->\n<title>Cours officiel en audiologie proth\u00e9tique - FP Vicente Moya<\/title>\n<meta name=\"robots\" content=\"index, follow, max-snippet:-1, max-image-preview:large, max-video-preview:-1\" \/>\n<link rel=\"canonical\" href=\"https:\/\/fpvicentemoya.es\/formacion\/index.php\/fr\/cours-officiel-en-audiologie-prothetique\/\" \/>\n<meta property=\"og:locale\" content=\"es_ES\" \/>\n<meta property=\"og:type\" content=\"article\" \/>\n<meta property=\"og:title\" content=\"Cours officiel en audiologie proth\u00e9tique - FP Vicente Moya\" \/>\n<meta property=\"og:description\" content=\"Formation professionnelle Vicente Moya \u00ab Nous soutenons les objectifs acad\u00e9miques et professionnels de nos \u00e9tudiants. \u00bb General Contenu Exigences Calendrier General Cette qualification vous permet de\u00a0: R\u00e9aliser des examens audiologiques et des tests auditifs ; Produire des embouts et des &hellip;\" \/>\n<meta property=\"og:url\" content=\"https:\/\/fpvicentemoya.es\/formacion\/index.php\/fr\/cours-officiel-en-audiologie-prothetique\/\" \/>\n<meta property=\"og:site_name\" content=\"FP Vicente Moya\" \/>\n<meta property=\"article:modified_time\" content=\"2025-06-26T21:25:14+00:00\" \/>\n<meta property=\"og:image\" content=\"https:\/\/fpvicentemoya.es\/formacion\/wp-content\/uploads\/2020\/03\/AUDIOLOGIAVENTAS-e1585667854207.jpg\" \/>\n\t<meta property=\"og:image:width\" content=\"1185\" \/>\n\t<meta property=\"og:image:height\" content=\"790\" \/>\n\t<meta property=\"og:image:type\" content=\"image\/jpeg\" \/>\n<meta name=\"twitter:card\" content=\"summary_large_image\" \/>\n<meta name=\"twitter:label1\" content=\"Tiempo de lectura\" \/>\n\t<meta name=\"twitter:data1\" content=\"3 minutos\" \/>\n<script type=\"application\/ld+json\" class=\"yoast-schema-graph\">{\"@context\":\"https:\/\/schema.org\",\"@graph\":[{\"@type\":\"WebPage\",\"@id\":\"https:\/\/fpvicentemoya.es\/formacion\/index.php\/fr\/cours-officiel-en-audiologie-prothetique\/\",\"url\":\"https:\/\/fpvicentemoya.es\/formacion\/index.php\/fr\/cours-officiel-en-audiologie-prothetique\/\",\"name\":\"Cours officiel en audiologie proth\u00e9tique - FP Vicente Moya\",\"isPartOf\":{\"@id\":\"https:\/\/fpvicentemoya.es\/formacion\/#website\"},\"primaryImageOfPage\":{\"@id\":\"https:\/\/fpvicentemoya.es\/formacion\/index.php\/fr\/cours-officiel-en-audiologie-prothetique\/#primaryimage\"},\"image\":{\"@id\":\"https:\/\/fpvicentemoya.es\/formacion\/index.php\/fr\/cours-officiel-en-audiologie-prothetique\/#primaryimage\"},\"thumbnailUrl\":\"https:\/\/fpvicentemoya.es\/formacion\/wp-content\/uploads\/2020\/03\/AUDIOLOGIAVENTAS-e1585667854207.jpg\",\"datePublished\":\"2025-06-26T21:21:13+00:00\",\"dateModified\":\"2025-06-26T21:25:14+00:00\",\"breadcrumb\":{\"@id\":\"https:\/\/fpvicentemoya.es\/formacion\/index.php\/fr\/cours-officiel-en-audiologie-prothetique\/#breadcrumb\"},\"inLanguage\":\"es\",\"potentialAction\":[{\"@type\":\"ReadAction\",\"target\":[\"https:\/\/fpvicentemoya.es\/formacion\/index.php\/fr\/cours-officiel-en-audiologie-prothetique\/\"]}]},{\"@type\":\"ImageObject\",\"inLanguage\":\"es\",\"@id\":\"https:\/\/fpvicentemoya.es\/formacion\/index.php\/fr\/cours-officiel-en-audiologie-prothetique\/#primaryimage\",\"url\":\"https:\/\/fpvicentemoya.es\/formacion\/wp-content\/uploads\/2020\/03\/AUDIOLOGIAVENTAS-e1585667854207.jpg\",\"contentUrl\":\"https:\/\/fpvicentemoya.es\/formacion\/wp-content\/uploads\/2020\/03\/AUDIOLOGIAVENTAS-e1585667854207.jpg\",\"width\":1185,\"height\":790},{\"@type\":\"BreadcrumbList\",\"@id\":\"https:\/\/fpvicentemoya.es\/formacion\/index.php\/fr\/cours-officiel-en-audiologie-prothetique\/#breadcrumb\",\"itemListElement\":[{\"@type\":\"ListItem\",\"position\":1,\"name\":\"Portada\",\"item\":\"https:\/\/fpvicentemoya.es\/formacion\/\"},{\"@type\":\"ListItem\",\"position\":2,\"name\":\"Cours officiel en audiologie proth\u00e9tique\"}]},{\"@type\":\"WebSite\",\"@id\":\"https:\/\/fpvicentemoya.es\/formacion\/#website\",\"url\":\"https:\/\/fpvicentemoya.es\/formacion\/\",\"name\":\"FP Vicente Moya\",\"description\":\"Formaci\u00f3n especializada\",\"potentialAction\":[{\"@type\":\"SearchAction\",\"target\":{\"@type\":\"EntryPoint\",\"urlTemplate\":\"https:\/\/fpvicentemoya.es\/formacion\/?s={search_term_string}\"},\"query-input\":{\"@type\":\"PropertyValueSpecification\",\"valueRequired\":true,\"valueName\":\"search_term_string\"}}],\"inLanguage\":\"es\"}]}<\/script>\n<!-- \/ Yoast SEO plugin. -->","yoast_head_json":{"title":"Cours officiel en audiologie proth\u00e9tique - FP Vicente Moya","robots":{"index":"index","follow":"follow","max-snippet":"max-snippet:-1","max-image-preview":"max-image-preview:large","max-video-preview":"max-video-preview:-1"},"canonical":"https:\/\/fpvicentemoya.es\/formacion\/index.php\/fr\/cours-officiel-en-audiologie-prothetique\/","og_locale":"es_ES","og_type":"article","og_title":"Cours officiel en audiologie proth\u00e9tique - FP Vicente Moya","og_description":"Formation professionnelle Vicente Moya \u00ab Nous soutenons les objectifs acad\u00e9miques et professionnels de nos \u00e9tudiants. \u00bb General Contenu Exigences Calendrier General Cette qualification vous permet de\u00a0: R\u00e9aliser des examens audiologiques et des tests auditifs ; Produire des embouts et des &hellip;","og_url":"https:\/\/fpvicentemoya.es\/formacion\/index.php\/fr\/cours-officiel-en-audiologie-prothetique\/","og_site_name":"FP Vicente Moya","article_modified_time":"2025-06-26T21:25:14+00:00","og_image":[{"width":1185,"height":790,"url":"https:\/\/fpvicentemoya.es\/formacion\/wp-content\/uploads\/2020\/03\/AUDIOLOGIAVENTAS-e1585667854207.jpg","type":"image\/jpeg"}],"twitter_card":"summary_large_image","twitter_misc":{"Tiempo de lectura":"3 minutos"},"schema":{"@context":"https:\/\/schema.org","@graph":[{"@type":"WebPage","@id":"https:\/\/fpvicentemoya.es\/formacion\/index.php\/fr\/cours-officiel-en-audiologie-prothetique\/","url":"https:\/\/fpvicentemoya.es\/formacion\/index.php\/fr\/cours-officiel-en-audiologie-prothetique\/","name":"Cours officiel en audiologie proth\u00e9tique - FP Vicente Moya","isPartOf":{"@id":"https:\/\/fpvicentemoya.es\/formacion\/#website"},"primaryImageOfPage":{"@id":"https:\/\/fpvicentemoya.es\/formacion\/index.php\/fr\/cours-officiel-en-audiologie-prothetique\/#primaryimage"},"image":{"@id":"https:\/\/fpvicentemoya.es\/formacion\/index.php\/fr\/cours-officiel-en-audiologie-prothetique\/#primaryimage"},"thumbnailUrl":"https:\/\/fpvicentemoya.es\/formacion\/wp-content\/uploads\/2020\/03\/AUDIOLOGIAVENTAS-e1585667854207.jpg","datePublished":"2025-06-26T21:21:13+00:00","dateModified":"2025-06-26T21:25:14+00:00","breadcrumb":{"@id":"https:\/\/fpvicentemoya.es\/formacion\/index.php\/fr\/cours-officiel-en-audiologie-prothetique\/#breadcrumb"},"inLanguage":"es","potentialAction":[{"@type":"ReadAction","target":["https:\/\/fpvicentemoya.es\/formacion\/index.php\/fr\/cours-officiel-en-audiologie-prothetique\/"]}]},{"@type":"ImageObject","inLanguage":"es","@id":"https:\/\/fpvicentemoya.es\/formacion\/index.php\/fr\/cours-officiel-en-audiologie-prothetique\/#primaryimage","url":"https:\/\/fpvicentemoya.es\/formacion\/wp-content\/uploads\/2020\/03\/AUDIOLOGIAVENTAS-e1585667854207.jpg","contentUrl":"https:\/\/fpvicentemoya.es\/formacion\/wp-content\/uploads\/2020\/03\/AUDIOLOGIAVENTAS-e1585667854207.jpg","width":1185,"height":790},{"@type":"BreadcrumbList","@id":"https:\/\/fpvicentemoya.es\/formacion\/index.php\/fr\/cours-officiel-en-audiologie-prothetique\/#breadcrumb","itemListElement":[{"@type":"ListItem","position":1,"name":"Portada","item":"https:\/\/fpvicentemoya.es\/formacion\/"},{"@type":"ListItem","position":2,"name":"Cours officiel en audiologie proth\u00e9tique"}]},{"@type":"WebSite","@id":"https:\/\/fpvicentemoya.es\/formacion\/#website","url":"https:\/\/fpvicentemoya.es\/formacion\/","name":"FP Vicente Moya","description":"Formaci\u00f3n especializada","potentialAction":[{"@type":"SearchAction","target":{"@type":"EntryPoint","urlTemplate":"https:\/\/fpvicentemoya.es\/formacion\/?s={search_term_string}"},"query-input":{"@type":"PropertyValueSpecification","valueRequired":true,"valueName":"search_term_string"}}],"inLanguage":"es"}]}},"_links":{"self":[{"href":"https:\/\/fpvicentemoya.es\/formacion\/index.php\/wp-json\/wp\/v2\/pages\/5395","targetHints":{"allow":["GET"]}}],"collection":[{"href":"https:\/\/fpvicentemoya.es\/formacion\/index.php\/wp-json\/wp\/v2\/pages"}],"about":[{"href":"https:\/\/fpvicentemoya.es\/formacion\/index.php\/wp-json\/wp\/v2\/types\/page"}],"author":[{"embeddable":true,"href":"https:\/\/fpvicentemoya.es\/formacion\/index.php\/wp-json\/wp\/v2\/users\/1"}],"replies":[{"embeddable":true,"href":"https:\/\/fpvicentemoya.es\/formacion\/index.php\/wp-json\/wp\/v2\/comments?post=5395"}],"version-history":[{"count":7,"href":"https:\/\/fpvicentemoya.es\/formacion\/index.php\/wp-json\/wp\/v2\/pages\/5395\/revisions"}],"predecessor-version":[{"id":5402,"href":"https:\/\/fpvicentemoya.es\/formacion\/index.php\/wp-json\/wp\/v2\/pages\/5395\/revisions\/5402"}],"wp:featuredmedia":[{"embeddable":true,"href":"https:\/\/fpvicentemoya.es\/formacion\/index.php\/wp-json\/wp\/v2\/media\/4770"}],"wp:attachment":[{"href":"https:\/\/fpvicentemoya.es\/formacion\/index.php\/wp-json\/wp\/v2\/media?parent=5395"}],"curies":[{"name":"wp","href":"https:\/\/api.w.org\/{rel}","templated":true}]}}