{"id":5295,"date":"2025-06-26T09:14:19","date_gmt":"2025-06-26T07:14:19","guid":{"rendered":"https:\/\/fpvicentemoya.es\/formacion\/?page_id=5295"},"modified":"2025-06-26T23:53:06","modified_gmt":"2025-06-26T21:53:06","slug":"politica-de-privacidad-aviso-legal-fr","status":"publish","type":"page","link":"https:\/\/fpvicentemoya.es\/formacion\/index.php\/fr\/politica-de-privacidad-aviso-legal-fr\/","title":{"rendered":"Pol\u00edtica de privacidad &#8211; aviso legal fr"},"content":{"rendered":"\t\t<div data-elementor-type=\"wp-page\" data-elementor-id=\"5295\" class=\"elementor elementor-5295\" data-elementor-post-type=\"page\">\n\t\t\t\t\t\t<section class=\"elementor-section elementor-top-section elementor-element elementor-element-524a4a96 elementor-section-boxed elementor-section-height-default elementor-section-height-default\" data-id=\"524a4a96\" data-element_type=\"section\">\n\t\t\t\t\t\t<div class=\"elementor-container elementor-column-gap-default\">\n\t\t\t\t\t<div class=\"elementor-column elementor-col-100 elementor-top-column elementor-element elementor-element-73b404de\" data-id=\"73b404de\" data-element_type=\"column\">\n\t\t\t<div class=\"elementor-widget-wrap elementor-element-populated\">\n\t\t\t\t\t\t<div class=\"elementor-element elementor-element-7e2b57ad elementor-widget elementor-widget-text-editor\" data-id=\"7e2b57ad\" data-element_type=\"widget\" data-widget_type=\"text-editor.default\">\n\t\t\t\t<div class=\"elementor-widget-container\">\n\t\t\t\t\t\t\t\t\t<section class=\"container\"><div class=\"container\"><div class=\"row\"><div class=\"col-md-12 texto\"><h2>MENTIONS L\u00c9GALES<\/h2><p>Conform\u00e9ment aux dispositions du R\u00e8glement g\u00e9n\u00e9ral sur la protection des donn\u00e9es du Parlement europ\u00e9en et du Conseil du 27 avril 2016, nous vous informons que les donn\u00e9es personnelles que vous nous avez fournies sont incorpor\u00e9es dans un fichier dont le responsable est Centro de Formaci\u00f3n DOCTOR VMP S.L., Avd Moncloa,18, 28003 Madrid. CIF : B88207394, et qui sera utilis\u00e9 dans le but de g\u00e9rer la relation commerciale, de vous fournir les services demand\u00e9s et de vous informer sur nos produits et services.<\/p><p>De m\u00eame, en signant la case au bas de ce document, vous autorisez Centro de Formaci\u00f3n DOCTOR VMP S.L. \u00e0 c\u00e9der les donn\u00e9es fournies \u00e0 des entreprises collaboratrices sp\u00e9cialis\u00e9es dans chaque type de formation, afin de vous fournir des informations sur les produits et services susceptibles de vous int\u00e9resser dans le cadre des activit\u00e9s de formation et de servir les fins commerciales correspondantes, ainsi que dans le but de r\u00e9aliser des activit\u00e9s de placement professionnel susceptibles de correspondre \u00e0 votre profil.<\/p><p>Vous pouvez exercer, concernant les donn\u00e9es collect\u00e9es conform\u00e9ment \u00e0 la section pr\u00e9c\u00e9dente, les droits reconnus par la r\u00e9glementation susmentionn\u00e9e, notamment les droits d&#8217;acc\u00e8s, de rectification, de suppression et d&#8217;opposition, de limitation du traitement et de portabilit\u00e9, ainsi que le droit de r\u00e9voquer votre consentement au transfert de vos donn\u00e9es. Les droits mentionn\u00e9s au paragraphe pr\u00e9c\u00e9dent peuvent \u00eatre exerc\u00e9s par demande \u00e9crite et sign\u00e9e, accompagn\u00e9e d&#8217;une photocopie de votre pi\u00e8ce d&#8217;identit\u00e9, adress\u00e9e au si\u00e8ge social de Centro de Formaci\u00f3n DOCTOR VMP S.L., Avd Moncloa, 18, 28003 Madrid, ou par courriel \u00e0 info@fpvicentemoya.es. Les donn\u00e9es personnelles contenues dans ce fichier seront trait\u00e9es conform\u00e9ment aux exigences l\u00e9gales et des mesures de s\u00e9curit\u00e9 appropri\u00e9es seront adopt\u00e9es pour emp\u00eacher leur alt\u00e9ration, perte, traitement ou acc\u00e8s non autoris\u00e9. Les donn\u00e9es que vous fournissez seront consid\u00e9r\u00e9es comme vraies, exactes et \u00e0 jour, et vous \u00eates responsable des cons\u00e9quences que pourraient entra\u00eener pour des tiers la communication de donn\u00e9es fausses ou inexactes.<\/p><h2>POLITIQUE DE CONFIDENTIALIT\u00c9<\/h2><h3>Dans quel but traitons-nous vos donn\u00e9es personnelles ?<\/h3><p>Au Centre de Formation DOCTOR VMP S.L., nous traitons vos donn\u00e9es personnelles pour g\u00e9rer nos relations avant-vente, commerciales et apr\u00e8s-vente, ainsi que pour traiter vos donn\u00e9es et vous envoyer des informations commerciales personnalis\u00e9es susceptibles de vous int\u00e9resser concernant les services du Centre de Formation DOCTOR VMP S.L. et du secteur de la formation et de l&#8217;insertion professionnelle, par t\u00e9l\u00e9phone, courrier ou par voie \u00e9lectronique.<\/p><h3>Combien de temps conserverons-nous vos donn\u00e9es ?<\/h3><p>Les informations relatives \u00e0 la personne concern\u00e9e seront conserv\u00e9es pendant toute la dur\u00e9e de la relation commerciale, sauf demande de suppression, ainsi que pendant la dur\u00e9e de la prescription des actions pouvant survenir dans le cadre de cette relation. Durant cette p\u00e9riode, les donn\u00e9es pourront \u00eatre mises \u00e0 la disposition des autorit\u00e9s publiques comp\u00e9tentes sur demande justifi\u00e9e. Par ailleurs, les donn\u00e9es personnelles fournies \u00e0 des fins promotionnelles continueront d&#8217;\u00eatre conserv\u00e9es apr\u00e8s la fin de la relation commerciale jusqu&#8217;\u00e0 ce que la personne concern\u00e9e r\u00e9voque son consentement, sans pr\u00e9judice de son droit \u00e0 l&#8217;effacement ou \u00e0 l&#8217;opposition.<\/p><h3>Quelle est la l\u00e9gitimit\u00e9 du traitement de vos donn\u00e9es ?<\/h3><p>La base juridique du traitement de vos donn\u00e9es est l&#8217;ex\u00e9cution de la relation commerciale \u00e0 laquelle vous \u00eates partie, afin que nous puissions g\u00e9rer, d\u00e9velopper et suivre cette relation. Toutes les donn\u00e9es que nous vous demandons sont obligatoires et n\u00e9cessaires \u00e0 la fourniture de nos services\u00a0; par cons\u00e9quent, le non-respect de certaines exigences peut rendre leur fourniture impossible. \u00c0 cette fin, nous ne demanderons pas, et vous n&#8217;\u00eates pas oblig\u00e9 de fournir, des donn\u00e9es sans rapport avec la finalit\u00e9 poursuivie, ni des donn\u00e9es excessives, inappropri\u00e9es ou inad\u00e9quates \u00e0 cette fin. Concernant l&#8217;envoi de communications commerciales, la base juridique est le consentement que vous nous accordez librement.<\/p><h3>\u00c0 quels destinataires vos donn\u00e9es seront-elles communiqu\u00e9es ?<\/h3><p>Centro de Formaci\u00f3n DOCTOR VMP S.L. pourra partager vos donn\u00e9es avec des entreprises collaboratrices afin de g\u00e9rer et d&#8217;optimiser les services demand\u00e9s dans le domaine de la FORMATION ET DE L&#8217;INSERTION PROFESSIONNELLE, notamment la recherche d&#8217;activit\u00e9s de formation adapt\u00e9es \u00e0 votre profil et aux profils professionnels recherch\u00e9s dans les offres d&#8217;emploi. De plus, vos donn\u00e9es seront partag\u00e9es en cas d&#8217;obligation l\u00e9gale. De plus, si, \u00e0 tout moment de la relation commerciale, il s&#8217;av\u00e8re n\u00e9cessaire de partager vos donn\u00e9es avec des entreprises tierces \u00e0 des fins diff\u00e9rentes, ce partage sera effectu\u00e9 avec votre consentement pr\u00e9alable et dans les conditions l\u00e9gales requises.<\/p><h3>Quels sont vos droits lorsque vous nous fournissez vos donn\u00e9es ?<\/h3><p>En adressant une demande \u00e0 Centro de Formaci\u00f3n DOCTOR VMP S.L., Avd Moncloa, 18, 28003 Madrid, ou par courriel \u00e0 info@fpvicentemoya.es, accompagn\u00e9e d&#8217;une photocopie recto verso de sa pi\u00e8ce d&#8217;identit\u00e9 ou de son document d&#8217;identit\u00e9 l\u00e9gal, la personne concern\u00e9e peut contacter Centro de Formaci\u00f3n DOCTOR VMP S.L. pour acc\u00e9der \u00e0 ses donn\u00e9es personnelles, demander la rectification de donn\u00e9es inexactes ou, le cas \u00e9ch\u00e9ant, leur suppression lorsque, entre autres raisons, les donn\u00e9es ne sont plus n\u00e9cessaires aux fins pour lesquelles elles ont \u00e9t\u00e9 collect\u00e9es. Elle peut \u00e9galement exercer son droit \u00e0 la portabilit\u00e9 des donn\u00e9es.<\/p><p>De m\u00eame, les personnes concern\u00e9es peuvent demander la limitation du traitement de leurs donn\u00e9es. Dans ce cas, Centro de Formaci\u00f3n DOCTOR VMP S.L. les conservera uniquement pour l&#8217;exercice ou la d\u00e9fense d&#8217;\u00e9ventuelles r\u00e9clamations. De m\u00eame, les personnes concern\u00e9es peuvent s&#8217;opposer au traitement de leurs donn\u00e9es. \u00c0 cet \u00e9gard, Centro de Formaci\u00f3n DOCTOR VMP S.L. cessera de traiter les donn\u00e9es, sauf pour des raisons l\u00e9gitimes imp\u00e9rieuses ou pour exercer ou d\u00e9fendre d&#8217;\u00e9ventuelles r\u00e9clamations en justice.<\/p><p>Enfin, en vertu du droit \u00e0 la portabilit\u00e9 des donn\u00e9es, les personnes concern\u00e9es ont le droit d&#8217;obtenir les donn\u00e9es personnelles les concernant dans un format structur\u00e9, couramment utilis\u00e9 et lisible par machine, et de les transmettre \u00e0 un autre responsable du traitement. Enfin, conform\u00e9ment \u00e0 la l\u00e9gislation en vigueur, les personnes concern\u00e9es peuvent r\u00e9voquer le consentement qu&#8217;elles nous ont accord\u00e9. Les personnes concern\u00e9es ont la possibilit\u00e9 de d\u00e9poser une plainte en Espagne aupr\u00e8s de l&#8217;Agence espagnole de protection des donn\u00e9es (www.agpd.es), ainsi que de demander \u00e0 cette agence des informations et une protection concernant l&#8217;exercice de leurs droits.<\/p><\/div><\/div><\/div><\/section><section class=\"container\"><a name=\"cookies\"><\/a><div class=\"container\"><div class=\"row\"><div class=\"col-md-12 texto\"><h2>Politique relative aux cookies<\/h2><p>Les cookies sont des fichiers envoy\u00e9s au navigateur via un service web pour enregistrer la navigation de l&#8217;utilisateur.<\/p><p>Les cookies utilis\u00e9s sont uniquement associ\u00e9s \u00e0 un utilisateur anonyme et \u00e0 son ordinateur, et ne fournissent aucune donn\u00e9e personnelle.<\/p><p>Gr\u00e2ce aux cookies, le serveur h\u00e9bergeant le site web reconna\u00eet le navigateur de l&#8217;utilisateur, facilitant ainsi sa navigation. Ils servent \u00e9galement \u00e0 mesurer l&#8217;audience et les param\u00e8tres de trafic, ainsi qu&#8217;\u00e0 contr\u00f4ler le processus et le nombre de visites.<\/p><p>L&#8217;utilisateur peut configurer son navigateur pour \u00eatre averti de la r\u00e9ception de cookies et emp\u00eacher leur installation sur son appareil. Veuillez consulter les instructions et le manuel de votre navigateur pour plus d&#8217;informations.<\/p><p>Pour utiliser le site web, il n&#8217;est pas n\u00e9cessaire que l&#8217;utilisateur autorise l&#8217;installation de cookies envoy\u00e9s au site web ou au tiers agissant en son nom, mais il peut \u00eatre n\u00e9cessaire de se connecter \u00e0 chacun des services dont la fourniture n\u00e9cessite une inscription pr\u00e9alable.<\/p><p>Les cookies sont temporaires. En aucun cas, ils ne seront utilis\u00e9s pour collecter des informations personnelles.<\/p><\/div><\/div><\/div><\/section>\t\t\t\t\t\t\t\t<\/div>\n\t\t\t\t<\/div>\n\t\t\t\t\t<\/div>\n\t\t<\/div>\n\t\t\t\t\t<\/div>\n\t\t<\/section>\n\t\t\t\t<\/div>\n\t\t","protected":false},"excerpt":{"rendered":"<p>MENTIONS L\u00c9GALES Conform\u00e9ment aux dispositions du R\u00e8glement g\u00e9n\u00e9ral sur la protection des donn\u00e9es du Parlement europ\u00e9en et du Conseil du 27 avril 2016, nous vous informons que les donn\u00e9es personnelles que vous nous avez fournies sont incorpor\u00e9es dans un fichier &hellip; <\/p>\n","protected":false},"author":1,"featured_media":0,"parent":0,"menu_order":0,"comment_status":"closed","ping_status":"closed","template":"elementor_header_footer","meta":{"_monsterinsights_skip_tracking":false,"_monsterinsights_sitenote_active":false,"_monsterinsights_sitenote_note":"","_monsterinsights_sitenote_category":0,"footnotes":""},"class_list":["post-5295","page","type-page","status-publish","hentry"],"yoast_head":"<!-- This site is optimized with the Yoast SEO plugin v25.4 - https:\/\/yoast.com\/wordpress\/plugins\/seo\/ -->\n<title>Pol\u00edtica de privacidad - aviso legal fr - FP Vicente Moya<\/title>\n<meta name=\"robots\" content=\"index, follow, max-snippet:-1, max-image-preview:large, max-video-preview:-1\" \/>\n<link rel=\"canonical\" href=\"https:\/\/fpvicentemoya.es\/formacion\/index.php\/fr\/politica-de-privacidad-aviso-legal-fr\/\" \/>\n<meta property=\"og:locale\" content=\"es_ES\" \/>\n<meta property=\"og:type\" content=\"article\" \/>\n<meta property=\"og:title\" content=\"Pol\u00edtica de privacidad - aviso legal fr - FP Vicente Moya\" \/>\n<meta property=\"og:description\" content=\"MENTIONS L\u00c9GALES Conform\u00e9ment aux dispositions du R\u00e8glement g\u00e9n\u00e9ral sur la protection des donn\u00e9es du Parlement europ\u00e9en et du Conseil du 27 avril 2016, nous vous informons que les donn\u00e9es personnelles que vous nous avez fournies sont incorpor\u00e9es dans un fichier &hellip;\" \/>\n<meta property=\"og:url\" content=\"https:\/\/fpvicentemoya.es\/formacion\/index.php\/fr\/politica-de-privacidad-aviso-legal-fr\/\" \/>\n<meta property=\"og:site_name\" content=\"FP Vicente Moya\" \/>\n<meta property=\"article:modified_time\" content=\"2025-06-26T21:53:06+00:00\" \/>\n<meta name=\"twitter:card\" content=\"summary_large_image\" \/>\n<meta name=\"twitter:label1\" content=\"Tiempo de lectura\" \/>\n\t<meta name=\"twitter:data1\" content=\"6 minutos\" \/>\n<script type=\"application\/ld+json\" class=\"yoast-schema-graph\">{\"@context\":\"https:\/\/schema.org\",\"@graph\":[{\"@type\":\"WebPage\",\"@id\":\"https:\/\/fpvicentemoya.es\/formacion\/index.php\/fr\/politica-de-privacidad-aviso-legal-fr\/\",\"url\":\"https:\/\/fpvicentemoya.es\/formacion\/index.php\/fr\/politica-de-privacidad-aviso-legal-fr\/\",\"name\":\"Pol\u00edtica de privacidad - aviso legal fr - FP Vicente Moya\",\"isPartOf\":{\"@id\":\"https:\/\/fpvicentemoya.es\/formacion\/#website\"},\"datePublished\":\"2025-06-26T07:14:19+00:00\",\"dateModified\":\"2025-06-26T21:53:06+00:00\",\"breadcrumb\":{\"@id\":\"https:\/\/fpvicentemoya.es\/formacion\/index.php\/fr\/politica-de-privacidad-aviso-legal-fr\/#breadcrumb\"},\"inLanguage\":\"es\",\"potentialAction\":[{\"@type\":\"ReadAction\",\"target\":[\"https:\/\/fpvicentemoya.es\/formacion\/index.php\/fr\/politica-de-privacidad-aviso-legal-fr\/\"]}]},{\"@type\":\"BreadcrumbList\",\"@id\":\"https:\/\/fpvicentemoya.es\/formacion\/index.php\/fr\/politica-de-privacidad-aviso-legal-fr\/#breadcrumb\",\"itemListElement\":[{\"@type\":\"ListItem\",\"position\":1,\"name\":\"Portada\",\"item\":\"https:\/\/fpvicentemoya.es\/formacion\/\"},{\"@type\":\"ListItem\",\"position\":2,\"name\":\"Pol\u00edtica de privacidad &#8211; aviso legal fr\"}]},{\"@type\":\"WebSite\",\"@id\":\"https:\/\/fpvicentemoya.es\/formacion\/#website\",\"url\":\"https:\/\/fpvicentemoya.es\/formacion\/\",\"name\":\"FP Vicente Moya\",\"description\":\"Formaci\u00f3n especializada\",\"potentialAction\":[{\"@type\":\"SearchAction\",\"target\":{\"@type\":\"EntryPoint\",\"urlTemplate\":\"https:\/\/fpvicentemoya.es\/formacion\/?s={search_term_string}\"},\"query-input\":{\"@type\":\"PropertyValueSpecification\",\"valueRequired\":true,\"valueName\":\"search_term_string\"}}],\"inLanguage\":\"es\"}]}<\/script>\n<!-- \/ Yoast SEO plugin. -->","yoast_head_json":{"title":"Pol\u00edtica de privacidad - aviso legal fr - FP Vicente Moya","robots":{"index":"index","follow":"follow","max-snippet":"max-snippet:-1","max-image-preview":"max-image-preview:large","max-video-preview":"max-video-preview:-1"},"canonical":"https:\/\/fpvicentemoya.es\/formacion\/index.php\/fr\/politica-de-privacidad-aviso-legal-fr\/","og_locale":"es_ES","og_type":"article","og_title":"Pol\u00edtica de privacidad - aviso legal fr - FP Vicente Moya","og_description":"MENTIONS L\u00c9GALES Conform\u00e9ment aux dispositions du R\u00e8glement g\u00e9n\u00e9ral sur la protection des donn\u00e9es du Parlement europ\u00e9en et du Conseil du 27 avril 2016, nous vous informons que les donn\u00e9es personnelles que vous nous avez fournies sont incorpor\u00e9es dans un fichier &hellip;","og_url":"https:\/\/fpvicentemoya.es\/formacion\/index.php\/fr\/politica-de-privacidad-aviso-legal-fr\/","og_site_name":"FP Vicente Moya","article_modified_time":"2025-06-26T21:53:06+00:00","twitter_card":"summary_large_image","twitter_misc":{"Tiempo de lectura":"6 minutos"},"schema":{"@context":"https:\/\/schema.org","@graph":[{"@type":"WebPage","@id":"https:\/\/fpvicentemoya.es\/formacion\/index.php\/fr\/politica-de-privacidad-aviso-legal-fr\/","url":"https:\/\/fpvicentemoya.es\/formacion\/index.php\/fr\/politica-de-privacidad-aviso-legal-fr\/","name":"Pol\u00edtica de privacidad - aviso legal fr - FP Vicente Moya","isPartOf":{"@id":"https:\/\/fpvicentemoya.es\/formacion\/#website"},"datePublished":"2025-06-26T07:14:19+00:00","dateModified":"2025-06-26T21:53:06+00:00","breadcrumb":{"@id":"https:\/\/fpvicentemoya.es\/formacion\/index.php\/fr\/politica-de-privacidad-aviso-legal-fr\/#breadcrumb"},"inLanguage":"es","potentialAction":[{"@type":"ReadAction","target":["https:\/\/fpvicentemoya.es\/formacion\/index.php\/fr\/politica-de-privacidad-aviso-legal-fr\/"]}]},{"@type":"BreadcrumbList","@id":"https:\/\/fpvicentemoya.es\/formacion\/index.php\/fr\/politica-de-privacidad-aviso-legal-fr\/#breadcrumb","itemListElement":[{"@type":"ListItem","position":1,"name":"Portada","item":"https:\/\/fpvicentemoya.es\/formacion\/"},{"@type":"ListItem","position":2,"name":"Pol\u00edtica de privacidad &#8211; aviso legal fr"}]},{"@type":"WebSite","@id":"https:\/\/fpvicentemoya.es\/formacion\/#website","url":"https:\/\/fpvicentemoya.es\/formacion\/","name":"FP Vicente Moya","description":"Formaci\u00f3n especializada","potentialAction":[{"@type":"SearchAction","target":{"@type":"EntryPoint","urlTemplate":"https:\/\/fpvicentemoya.es\/formacion\/?s={search_term_string}"},"query-input":{"@type":"PropertyValueSpecification","valueRequired":true,"valueName":"search_term_string"}}],"inLanguage":"es"}]}},"_links":{"self":[{"href":"https:\/\/fpvicentemoya.es\/formacion\/index.php\/wp-json\/wp\/v2\/pages\/5295","targetHints":{"allow":["GET"]}}],"collection":[{"href":"https:\/\/fpvicentemoya.es\/formacion\/index.php\/wp-json\/wp\/v2\/pages"}],"about":[{"href":"https:\/\/fpvicentemoya.es\/formacion\/index.php\/wp-json\/wp\/v2\/types\/page"}],"author":[{"embeddable":true,"href":"https:\/\/fpvicentemoya.es\/formacion\/index.php\/wp-json\/wp\/v2\/users\/1"}],"replies":[{"embeddable":true,"href":"https:\/\/fpvicentemoya.es\/formacion\/index.php\/wp-json\/wp\/v2\/comments?post=5295"}],"version-history":[{"count":5,"href":"https:\/\/fpvicentemoya.es\/formacion\/index.php\/wp-json\/wp\/v2\/pages\/5295\/revisions"}],"predecessor-version":[{"id":5301,"href":"https:\/\/fpvicentemoya.es\/formacion\/index.php\/wp-json\/wp\/v2\/pages\/5295\/revisions\/5301"}],"wp:attachment":[{"href":"https:\/\/fpvicentemoya.es\/formacion\/index.php\/wp-json\/wp\/v2\/media?parent=5295"}],"curies":[{"name":"wp","href":"https:\/\/api.w.org\/{rel}","templated":true}]}}