{"id":3971,"date":"2016-01-28T07:53:20","date_gmt":"2016-01-28T07:53:20","guid":{"rendered":"http:\/\/thim.staging.wpengine.com\/one-course\/?page_id=3971"},"modified":"2020-03-31T15:46:41","modified_gmt":"2020-03-31T15:46:41","slug":"demo-one-course","status":"publish","type":"page","link":"https:\/\/fpvicentemoya.es\/formacion\/index.php\/demo-one-course\/","title":{"rendered":"Inicio"},"content":{"rendered":"<div id=\"pl-3971\"  class=\"panel-layout\" ><div id=\"pg-3971-0\"  class=\"panel-grid panel-has-style\" ><div class=\"siteorigin-panels-stretch panel-row-style panel-row-style-for-3971-0\" data-stretch-type=\"full-stretched\" ><div id=\"pgc-3971-0-0\"  class=\"panel-grid-cell\" ><div id=\"panel-3971-0-0-0\" class=\"so-panel widget widget_text panel-first-child panel-last-child\" data-index=\"0\" >\t\t\t<div class=\"textwidget\">\n\t\t\t<!-- START DiapositivaDosCursos REVOLUTION SLIDER 6.7.34 --><p class=\"rs-p-wp-fix\"><\/p>\n\t\t\t<rs-module-wrap id=\"rev_slider_3_1_wrapper\" data-source=\"gallery\" style=\"visibility:hidden;background:transparent;padding:0;\">\n\t\t\t\t<rs-module id=\"rev_slider_3_1\" style=\"\" data-version=\"6.7.34\">\n\t\t\t\t\t<rs-slides style=\"overflow: hidden; position: absolute;\">\n\t\t\t\t\t\t<rs-slide style=\"position: absolute;\" data-key=\"rs-3\" data-title=\"Slide\" data-anim=\"adpr:false;ms:600;\" data-in=\"o:0;\" data-out=\"a:false;\">\n\t\t\t\t\t\t\t<img decoding=\"async\" src=\"\/\/fpvicentemoya.es\/formacion\/wp-content\/plugins\/revslider\/sr6\/assets\/assets\/dummy.png\" alt=\"\" class=\"rev-slidebg tp-rs-img rs-lazyload\" data-lazyload=\"\/\/fpvicentemoya.es\/formacion\/wp-content\/uploads\/2019\/04\/Audiologia3.jpg\" data-no-retina>\n<!--\n\t\t\t\t\t\t\t--><rs-layer\n\t\t\t\t\t\t\t\tid=\"slider-3-slide-3-layer-1\" \n\t\t\t\t\t\t\t\tclass=\"tp-shape tp-shapewrapper\"\n\t\t\t\t\t\t\t\tdata-type=\"shape\"\n\t\t\t\t\t\t\t\tdata-rsp_ch=\"on\"\n\t\t\t\t\t\t\t\tdata-xy=\"x:c;y:m;yo:0,0,0,-4px;\"\n\t\t\t\t\t\t\t\tdata-text=\"fw:100;\"\n\t\t\t\t\t\t\t\tdata-dim=\"w:700px,700px,700px,431px;h:410px,410px,410px,396;\"\n\t\t\t\t\t\t\t\tdata-frame_1=\"e:power2.inOut;st:500;sR:500;\"\n\t\t\t\t\t\t\t\tdata-frame_999=\"o:0;e:nothing;st:w;sR:8200;\"\n\t\t\t\t\t\t\t\tstyle=\"z-index:5;background-color:rgba(0,0,0,0.4);\"\n\t\t\t\t\t\t\t> \n\t\t\t\t\t\t\t<\/rs-layer><!--\n\n\t\t\t\t\t\t\t--><rs-layer\n\t\t\t\t\t\t\t\tid=\"slider-3-slide-3-layer-2\" \n\t\t\t\t\t\t\t\tdata-type=\"text\"\n\t\t\t\t\t\t\t\tdata-color=\"rgba(255, 255, 255, 1)\"\n\t\t\t\t\t\t\t\tdata-rsp_ch=\"on\"\n\t\t\t\t\t\t\t\tdata-xy=\"x:c;xo:-1px,-1px,-1px,4px;y:m;yo:-154px,-154px,-154px,-176px;\"\n\t\t\t\t\t\t\t\tdata-text=\"s:24,24,24,20;l:24;fw:700;a:center;\"\n\t\t\t\t\t\t\t\tdata-frame_1=\"e:power2.inOut;st:500;sR:500;\"\n\t\t\t\t\t\t\t\tdata-frame_999=\"o:0;e:nothing;st:w;sR:8200;\"\n\t\t\t\t\t\t\t\tstyle=\"z-index:6;font-family:'Roboto';\"\n\t\t\t\t\t\t\t>T\u00c9CNICO SUPERIOR \n\t\t\t\t\t\t\t<\/rs-layer><!--\n\n\t\t\t\t\t\t\t--><h3\n\t\t\t\t\t\t\t\tid=\"slider-3-slide-3-layer-3\" \n\t\t\t\t\t\t\t\tclass=\"rs-layer thim-slider-one-course-heading\"\n\t\t\t\t\t\t\t\tdata-type=\"text\"\n\t\t\t\t\t\t\t\tdata-color=\"rgba(255, 255, 255, 1)\"\n\t\t\t\t\t\t\t\tdata-rsp_ch=\"on\"\n\t\t\t\t\t\t\t\tdata-xy=\"x:c;xo:-2px,-2px,-2px,9px;y:m;yo:-96px,-96px,-96px,-129px;\"\n\t\t\t\t\t\t\t\tdata-text=\"s:72,72,72,50;l:80;fw:700;a:center;\"\n\t\t\t\t\t\t\t\tdata-frame_1=\"e:power2.inOut;st:500;sR:500;\"\n\t\t\t\t\t\t\t\tdata-frame_999=\"o:0;e:nothing;st:w;sR:8200;\"\n\t\t\t\t\t\t\t\tstyle=\"z-index:7;font-family:'Roboto';\"\n\t\t\t\t\t\t\t>AUDIOLOG\u00cdA \n\t\t\t\t\t\t\t<\/h3><!--\n\n\t\t\t\t\t\t\t--><rs-layer\n\t\t\t\t\t\t\t\tid=\"slider-3-slide-3-layer-4\" \n\t\t\t\t\t\t\t\tclass=\"thim-slider-one-course-desc\"\n\t\t\t\t\t\t\t\tdata-type=\"text\"\n\t\t\t\t\t\t\t\tdata-color=\"rgba(255, 255, 255, 1)\"\n\t\t\t\t\t\t\t\tdata-rsp_ch=\"on\"\n\t\t\t\t\t\t\t\tdata-xy=\"x:c;xo:-1px,0,-1px,3px;y:m;yo:122px,122px,120px,106px;\"\n\t\t\t\t\t\t\t\tdata-text=\"w:normal;s:20,20,20,14;l:36,36,36,30;a:center;\"\n\t\t\t\t\t\t\t\tdata-dim=\"w:561px,561px,561px,390px;\"\n\t\t\t\t\t\t\t\tdata-frame_1=\"e:power2.inOut;st:500;sR:500;\"\n\t\t\t\t\t\t\t\tdata-frame_999=\"o:0;e:nothing;st:w;sR:8200;\"\n\t\t\t\t\t\t\t\tstyle=\"z-index:8;font-family:'Roboto';\"\n\t\t\t\t\t\t\t>\n100% a distancia, compatible con jornada laboral. \n\t\t\t\t\t\t\t<\/rs-layer><!--\n\n\t\t\t\t\t\t\t--><rs-layer\n\t\t\t\t\t\t\t\tid=\"slider-3-slide-3-layer-5\" \n\t\t\t\t\t\t\t\tclass=\"thim-slider-button rev-btn\"\n\t\t\t\t\t\t\t\tdata-type=\"button\"\n\t\t\t\t\t\t\t\tdata-color=\"rgba(51, 51, 51, 1)\"\n\t\t\t\t\t\t\t\tdata-xy=\"x:c;xo:3px;y:m;yo:171px,171px,177px,161px;\"\n\t\t\t\t\t\t\t\tdata-text=\"s:13;l:30,30,30,20;fw:700;\"\n\t\t\t\t\t\t\t\tdata-rsp_bd=\"off\"\n\t\t\t\t\t\t\t\tdata-padding=\"t:10;r:30;b:10;l:30;\"\n\t\t\t\t\t\t\t\tdata-frame_1=\"e:power2.inOut;st:500;sR:500;\"\n\t\t\t\t\t\t\t\tdata-frame_999=\"o:0;e:nothing;st:w;sR:8200;\"\n\t\t\t\t\t\t\t\tdata-frame_hover=\"c:#333;boc:#000;bor:0px,0px,0px,0px;bos:solid;oX:50;oY:50;sp:0;\"\n\t\t\t\t\t\t\t\tstyle=\"z-index:9;font-family:'Roboto Slab';cursor:pointer;outline:none;box-shadow:none;box-sizing:border-box;-moz-box-sizing:border-box;-webkit-box-sizing:border-box;\"\n\t\t\t\t\t\t\t>M\u00e1s Informaci\u00f3n \n\t\t\t\t\t\t\t<\/rs-layer><!--\n\n\t\t\t\t\t\t\t--><rs-layer\n\t\t\t\t\t\t\t\tid=\"slider-3-slide-3-layer-7\" \n\t\t\t\t\t\t\t\tdata-type=\"text\"\n\t\t\t\t\t\t\t\tdata-color=\"rgba(191, 185, 184, 1)\"\n\t\t\t\t\t\t\t\tdata-xy=\"x:c;y:b;yo:40px,40px,40px,20px;\"\n\t\t\t\t\t\t\t\tdata-text=\"s:14;l:14;\"\n\t\t\t\t\t\t\t\tdata-basealign=\"slide\"\n\t\t\t\t\t\t\t\tdata-rsp_o=\"off\"\n\t\t\t\t\t\t\t\tdata-rsp_bd=\"off\"\n\t\t\t\t\t\t\t\tdata-frame_1=\"e:power2.inOut;st:500;sR:500;\"\n\t\t\t\t\t\t\t\tdata-frame_999=\"o:0;e:nothing;st:w;sR:8200;\"\n\t\t\t\t\t\t\t\tstyle=\"z-index:10;font-family:'Roboto';cursor:pointer;\"\n\t\t\t\t\t\t\t><div class=\"thim-click-to-bottom\"><i class=\"fa  fa-chevron-down\"><\/i><\/div> \n\t\t\t\t\t\t\t<\/rs-layer><!--\n\n\t\t\t\t\t\t\t--><h3\n\t\t\t\t\t\t\t\tid=\"slider-3-slide-3-layer-9\" \n\t\t\t\t\t\t\t\tclass=\"rs-layer thim-slider-one-course-heading\"\n\t\t\t\t\t\t\t\tdata-type=\"text\"\n\t\t\t\t\t\t\t\tdata-color=\"rgba(255, 255, 255, 1)\"\n\t\t\t\t\t\t\t\tdata-rsp_ch=\"on\"\n\t\t\t\t\t\t\t\tdata-xy=\"x:c;xo:-6px,-6px,-6px,2px;y:m;yo:-12px,-12px,-12px,-75px;\"\n\t\t\t\t\t\t\t\tdata-text=\"s:72,72,72,50;l:80;fw:700;a:center;\"\n\t\t\t\t\t\t\t\tdata-frame_1=\"e:power2.inOut;st:500;sR:500;\"\n\t\t\t\t\t\t\t\tdata-frame_999=\"o:0;e:nothing;st:w;sR:8200;\"\n\t\t\t\t\t\t\t\tstyle=\"z-index:11;font-family:'Roboto';\"\n\t\t\t\t\t\t\t>PROT\u00c9SICA \n\t\t\t\t\t\t\t<\/h3><!--\n\n\t\t\t\t\t\t\t--><rs-layer\n\t\t\t\t\t\t\t\tid=\"slider-3-slide-3-layer-11\" \n\t\t\t\t\t\t\t\tclass=\"thim-slider-one-course-desc\"\n\t\t\t\t\t\t\t\tdata-type=\"text\"\n\t\t\t\t\t\t\t\tdata-color=\"#ffffff||#ffffff||#ffffff||rgba(255, 255, 255, 1)\"\n\t\t\t\t\t\t\t\tdata-rsp_ch=\"on\"\n\t\t\t\t\t\t\t\tdata-xy=\"x:c;xo:1px,1px,1px,-2px;y:m;yo:48px,48px,48px,7px;\"\n\t\t\t\t\t\t\t\tdata-text=\"w:normal;s:30,30,30,28;l:46,46,46,30;fw:700;a:center;\"\n\t\t\t\t\t\t\t\tdata-dim=\"w:527px,527px,527px,410px;\"\n\t\t\t\t\t\t\t\tdata-frame_1=\"e:circ.in;st:500;sR:500;\"\n\t\t\t\t\t\t\t\tdata-frame_999=\"o:0;e:nothing;st:w;sR:8200;\"\n\t\t\t\t\t\t\t\tdata-loop_0=\"x:-25;\"\n\t\t\t\t\t\t\t\tdata-loop_999=\"x:25;sp:2000;yym:t;yys:t;yyf:t;\"\n\t\t\t\t\t\t\t\tstyle=\"z-index:12;font-family:'Roboto Slab';\"\n\t\t\t\t\t\t\t>ABIERTO PLAZO MATR\u00edCULA \n\t\t\t\t\t\t\t<\/rs-layer><!--\n\n\t\t\t\t\t\t\t--><rs-layer\n\t\t\t\t\t\t\t\tid=\"slider-3-slide-3-layer-14\" \n\t\t\t\t\t\t\t\tclass=\"thim-slider-one-course-desc\"\n\t\t\t\t\t\t\t\tdata-type=\"text\"\n\t\t\t\t\t\t\t\tdata-color=\"#ffffff||#ffffff||#ffffff||rgba(255, 255, 255, 1)\"\n\t\t\t\t\t\t\t\tdata-rsp_ch=\"on\"\n\t\t\t\t\t\t\t\tdata-xy=\"x:c;xo:3px,3px,3px,-6px;y:m;yo:86px,86px,86px,42px;\"\n\t\t\t\t\t\t\t\tdata-text=\"w:normal;s:30,30,30,28;l:46,46,46,30;fw:700;a:center;\"\n\t\t\t\t\t\t\t\tdata-dim=\"w:527px,527px,527px,417px;\"\n\t\t\t\t\t\t\t\tdata-frame_1=\"e:circ.in;st:500;sR:500;\"\n\t\t\t\t\t\t\t\tdata-frame_999=\"o:0;e:nothing;st:w;sR:8200;\"\n\t\t\t\t\t\t\t\tdata-loop_0=\"x:-25;\"\n\t\t\t\t\t\t\t\tdata-loop_999=\"x:25;sp:2000;yym:t;yys:t;yyf:t;\"\n\t\t\t\t\t\t\t\tstyle=\"z-index:13;font-family:'Roboto Slab';\"\n\t\t\t\t\t\t\t>NUEVO CURSO 2022\/2023 \n\t\t\t\t\t\t\t<\/rs-layer><!--\n-->\t\t\t\t\t<\/rs-slide>\n\t\t\t\t\t<\/rs-slides>\n\t\t\t\t\t<rs-static-layers><!--\n\t\t\t\t\t--><\/rs-static-layers>\n\t\t\t\t<\/rs-module>\n\t\t\t\t<script>\n\t\t\t\t\tsetREVStartSize({c: 'rev_slider_3_1',rl:[1240,1024,778,480],el:[600,500,500,420],gw:[1200,960,768,481],gh:[600,500,500,420],type:'standard',justify:'',layout:'fullscreen',offsetContainer:'',offset:'',mh:\"0\"});if (window.RS_MODULES!==undefined && window.RS_MODULES.modules!==undefined && window.RS_MODULES.modules[\"revslider31\"]!==undefined) {window.RS_MODULES.modules[\"revslider31\"].once = false;window.revapi3 = undefined;if (window.RS_MODULES.checkMinimal!==undefined) window.RS_MODULES.checkMinimal()}\n\t\t\t\t<\/script>\n\t\t\t<\/rs-module-wrap>\n\t\t\t<!-- END REVOLUTION SLIDER -->\n\n<\/div>\n\t\t<\/div><\/div><\/div><\/div><div id=\"pg-3971-1\"  class=\"panel-grid panel-has-style\" ><div class=\"siteorigin-panels-stretch panel-row-style panel-row-style-for-3971-1\" data-stretch-type=\"full\" ><div id=\"pgc-3971-1-0\"  class=\"panel-grid-cell\" ><div id=\"panel-3971-1-0-0\" class=\"so-panel widget widget_heading panel-first-child\" data-index=\"1\" ><div class=\"thim-widget-heading template-base\"><div class=\"sc_heading  text-center\"><h3 style=\"text-transform: uppercase;\" class=\"title\">T\u00e9cnico superior en audiolog\u00eda prot\u00e9sica.<\/h3><p class=\"sub-heading\" style=\"\">El curso ofrece a los estudiantes la oportunidad de personalizar su experiencia de aprendizaje y lograr la excelencia acad\u00e9mica.<\/p><span class=\"line\"><\/span><\/div><\/div><\/div><div id=\"panel-3971-1-0-1\" class=\"so-panel widget widget_siteorigin-panels-builder panel-last-child\" data-index=\"2\" ><div id=\"pl-w5b41e61c2274e\"  class=\"panel-layout\" ><div id=\"pg-w5b41e61c2274e-0\"  class=\"panel-grid panel-no-style\" ><div id=\"pgc-w5b41e61c2274e-0-0\"  class=\"panel-grid-cell\" ><div id=\"panel-w5b41e61c2274e-0-0-0\" class=\"so-panel widget widget_icon-box panel-first-child panel-last-child\" data-index=\"0\" ><div class=\"thim-widget-icon-box template-base\"><div class=\"wrapper-box-icon text-left \"  ><div class=\"smicon-box iconbox-left\"><div class=\"boxes-icon circle\" style=\"width: 82px;\"><span class=\"inner-icon\"><span class=\"icon\"><i class=\"fa fa-book\" style=\"color:#0477f9; font-size:36px; line-height:36px; vertical-align: middle;\"><\/i><\/span><\/span><\/div><div class=\"content-inner\"  style=\"width: calc( 100% - 82px - 15px);\"><div class=\"sc-heading article_heading\"><h3 class = \"heading__primary\" >Titulaci\u00f3n oficial<\/h3><\/div><div class=\"desc-icon-box\"><div class=\"desc-content\" >Esta Titulaci\u00f3n le habilita para:\nRealizar exploraciones audiol\u00f3gicas y pruebas de audici\u00f3n, producir moldes y protectores auditivos, adaptar pr\u00f3tesis auditivas, identificar aver\u00edas y repararlas, crear mapas sonoros, etc.<\/div><\/div><\/div><\/div><!--end smicon-box--><\/div><\/div><\/div><\/div><div id=\"pgc-w5b41e61c2274e-0-1\"  class=\"panel-grid-cell\" ><div id=\"panel-w5b41e61c2274e-0-1-0\" class=\"so-panel widget widget_icon-box panel-first-child panel-last-child\" data-index=\"1\" ><div class=\"thim-widget-icon-box template-base\"><div class=\"wrapper-box-icon text-left \"  ><div class=\"smicon-box iconbox-left\"><div class=\"boxes-icon circle\" style=\"width: 82px;\"><span class=\"inner-icon\"><span class=\"icon\"><i class=\"fa fa-check-square-o\" style=\"color:#0476f7; font-size:36px; line-height:36px; vertical-align: middle;\"><\/i><\/span><\/span><\/div><div class=\"content-inner\"  style=\"width: calc( 100% - 82px - 15px);\"><div class=\"sc-heading article_heading\"><h3 class = \"heading__primary\" >Metodolog\u00eda<\/h3><\/div><div class=\"desc-icon-box\"><div class=\"desc-content\" ><p>Todas las lecciones han sido dise\u00f1adas por instructores experimentados con t\u00e9cnicas de ense\u00f1anza interactivas que ayudar\u00e1n a los estudiantes a alcanzar la excelencia en el curso.<\/p><\/div><\/div><\/div><\/div><!--end smicon-box--><\/div><\/div><\/div><\/div><\/div><div id=\"pg-w5b41e61c2274e-1\"  class=\"panel-grid panel-no-style\" ><div id=\"pgc-w5b41e61c2274e-1-0\"  class=\"panel-grid-cell\" ><div id=\"panel-w5b41e61c2274e-1-0-0\" class=\"so-panel widget widget_icon-box panel-first-child panel-last-child\" data-index=\"2\" ><div class=\"thim-widget-icon-box template-base\"><div class=\"wrapper-box-icon text-left \"  ><div class=\"smicon-box iconbox-left\"><div class=\"boxes-icon circle\" style=\"width: 82px;\"><span class=\"inner-icon\"><span class=\"icon\"><i class=\"fa fa-plus-square\" style=\"color:#0476f7; font-size:36px; line-height:36px; vertical-align: middle;\"><\/i><\/span><\/span><\/div><div class=\"content-inner\"  style=\"width: calc( 100% - 82px - 15px);\"><div class=\"sc-heading article_heading\"><h3 class = \"heading__primary\" >Formaci\u00f3n en centros de trabajo.<\/h3><\/div><div class=\"desc-icon-box\"><div class=\"desc-content\" >Estas pr\u00e1cticas en empresas ocupan el cuarto y el quinto trimestre, aunque los alumnos podr\u00e1n solicitar convalidaciones justas por estudios realizados en relaci\u00f3n con las ense\u00f1anzas de este ciclo.<\/div><\/div><\/div><\/div><!--end smicon-box--><\/div><\/div><\/div><\/div><div id=\"pgc-w5b41e61c2274e-1-1\"  class=\"panel-grid-cell\" ><div id=\"panel-w5b41e61c2274e-1-1-0\" class=\"so-panel widget widget_icon-box panel-first-child panel-last-child\" data-index=\"3\" ><div class=\"thim-widget-icon-box template-base\"><div class=\"wrapper-box-icon text-left \"  ><div class=\"smicon-box iconbox-left\"><div class=\"boxes-icon circle\" style=\"width: 82px;\"><span class=\"inner-icon\"><span class=\"icon\"><i class=\"fa fa-upload\" style=\"color:#0476f7; font-size:36px; line-height:36px; vertical-align: middle;\"><\/i><\/span><\/span><\/div><div class=\"content-inner\"  style=\"width: calc( 100% - 82px - 15px);\"><div class=\"sc-heading article_heading\"><h3 class = \"heading__primary\" >Proyecto Fin de curso.<\/h3><\/div><div class=\"desc-icon-box\"><div class=\"desc-content\" >En el proyecto de fin de curso los alumnos ser\u00e1n evaluados en el \u00faltimo trimestre del curso de Audiolog\u00eda Prot\u00e9sica, una vez superados todos los m\u00f3dulos del Ciclo Formativo.\n<\/div><\/div><\/div><\/div><!--end smicon-box--><\/div><\/div><\/div><\/div><\/div><\/div><\/div><\/div><\/div><\/div><div id=\"pg-3971-2\"  class=\"panel-grid panel-no-style\" ><div id=\"pgc-3971-2-0\"  class=\"panel-grid-cell\" ><div id=\"panel-3971-2-0-0\" class=\"so-panel widget widget_heading panel-first-child\" data-index=\"3\" ><div class=\"thim-widget-heading template-base\"><div class=\"sc_heading  text-left\"><h3 style=\"text-transform: uppercase;\" class=\"title\">Contacte con nosotros<\/h3><span class=\"line\"><\/span><\/div><\/div><\/div><div id=\"panel-3971-2-0-1\" class=\"so-panel widget widget_text panel-last-child\" data-index=\"4\" >\t\t\t<div class=\"textwidget\">\n<div class=\"wpcf7 no-js\" id=\"wpcf7-f4-o1\" lang=\"en-US\" dir=\"ltr\" data-wpcf7-id=\"4\">\n<div class=\"screen-reader-response\"><p role=\"status\" aria-live=\"polite\" aria-atomic=\"true\"><\/p> <ul><\/ul><\/div>\n<form action=\"\/formacion\/index.php\/wp-json\/wp\/v2\/pages\/3971#wpcf7-f4-o1\" method=\"post\" class=\"wpcf7-form init\" aria-label=\"Contact form\" novalidate=\"novalidate\" data-status=\"init\">\n<fieldset class=\"hidden-fields-container\"><input type=\"hidden\" name=\"_wpcf7\" value=\"4\" \/><input type=\"hidden\" name=\"_wpcf7_version\" value=\"6.1\" \/><input type=\"hidden\" name=\"_wpcf7_locale\" value=\"en_US\" \/><input type=\"hidden\" name=\"_wpcf7_unit_tag\" value=\"wpcf7-f4-o1\" \/><input type=\"hidden\" name=\"_wpcf7_container_post\" value=\"0\" \/><input type=\"hidden\" name=\"_wpcf7_posted_data_hash\" value=\"\" \/>\n<\/fieldset>\n<p><span class=\"wpcf7-form-control-wrap\" data-name=\"your-name\"><input size=\"40\" maxlength=\"400\" class=\"wpcf7-form-control wpcf7-text wpcf7-validates-as-required\" aria-required=\"true\" aria-invalid=\"false\" placeholder=\"Nombre *\" value=\"\" type=\"text\" name=\"your-name\" \/><\/span>\n<\/p>\n<p><span class=\"wpcf7-form-control-wrap\" data-name=\"your-email\"><input size=\"40\" maxlength=\"400\" class=\"wpcf7-form-control wpcf7-email wpcf7-validates-as-required wpcf7-text wpcf7-validates-as-email\" aria-required=\"true\" aria-invalid=\"false\" placeholder=\"Email *\" value=\"\" type=\"email\" name=\"your-email\" \/><\/span>\n<\/p>\n<p><span class=\"wpcf7-form-control-wrap\" data-name=\"Telefono\"><input size=\"40\" maxlength=\"400\" class=\"wpcf7-form-control wpcf7-tel wpcf7-validates-as-required wpcf7-text wpcf7-validates-as-tel\" aria-required=\"true\" aria-invalid=\"false\" placeholder=\"Tel\u00e9fono *\" value=\"\" type=\"tel\" name=\"Telefono\" \/><\/span>\n<\/p>\n<p><span class=\"wpcf7-form-control-wrap\" data-name=\"your-subject\"><input size=\"40\" maxlength=\"400\" class=\"wpcf7-form-control wpcf7-text wpcf7-validates-as-required\" aria-required=\"true\" aria-invalid=\"false\" placeholder=\"Asunto *\" value=\"\" type=\"text\" name=\"your-subject\" \/><\/span>\n<\/p>\n<p><span class=\"wpcf7-form-control-wrap\" data-name=\"your-message\"><textarea cols=\"40\" rows=\"10\" maxlength=\"2000\" class=\"wpcf7-form-control wpcf7-textarea wpcf7-validates-as-required\" aria-required=\"true\" aria-invalid=\"false\" placeholder=\"Mensaje *\" name=\"your-message\"><\/textarea><\/span>\n<\/p>\n<p><input class=\"wpcf7-form-control wpcf7-submit has-spinner\" type=\"submit\" value=\"Enviar.\" \/>\n<\/p><div class=\"wpcf7-response-output\" aria-hidden=\"true\"><\/div>\n<\/form>\n<\/div>\n\n<\/div>\n\t\t<\/div><\/div><div id=\"pgc-3971-2-1\"  class=\"panel-grid-cell\" ><div id=\"panel-3971-2-1-0\" class=\"so-panel widget widget_google-map panel-first-child panel-last-child\" data-index=\"5\" ><div class=\"thim-widget-google-map template-google-map\"><div class=\"thim-map-iframe\" style =\"height: 480px\"><iframe frameborder=\"0\" scrolling=\"no\" marginheight=\"0\" marginwidth=\"0\" src=\"https:\/\/maps.google.com\/maps?q=Avd%20de%20Moncloa%2C18%20Madrid%2028003%20Espa%C3%B1a&amp;t=m&amp;z=12&amp;output=embed&amp;iwloc=near\" title=\"Avd de Moncloa,18 Madrid 28003 Espa\u00f1a\" aria-label=\"Avd de Moncloa,18 Madrid 28003 Espa\u00f1a\"><\/iframe><\/div>\n<\/div><\/div><\/div><\/div><\/div>","protected":false},"excerpt":{"rendered":"<p>T\u00c9CNICO SUPERIOR AUDIOLOG\u00cdA 100% a distancia, compatible con jornada laboral. M\u00e1s Informaci\u00f3n PROT\u00c9SICA ABIERTO PLAZO MATR\u00edCULA NUEVO CURSO 2022\/2023 T\u00e9cnico superior en audiolog\u00eda prot\u00e9sica.El curso ofrece a los estudiantes la oportunidad de personalizar su experiencia de aprendizaje y lograr la &hellip; <\/p>\n","protected":false},"author":1,"featured_media":0,"parent":0,"menu_order":0,"comment_status":"closed","ping_status":"closed","template":"page-templates\/homepage.php","meta":{"_monsterinsights_skip_tracking":false,"_monsterinsights_sitenote_active":false,"_monsterinsights_sitenote_note":"","_monsterinsights_sitenote_category":0,"footnotes":""},"class_list":["post-3971","page","type-page","status-publish","hentry"],"yoast_head":"<!-- This site is optimized with the Yoast SEO plugin v25.4 - https:\/\/yoast.com\/wordpress\/plugins\/seo\/ -->\n<title>T\u00e9cnico Superior Audiolog\u00eda Prot\u00e9sica - FP Vicente Moya<\/title>\n<meta name=\"description\" content=\"T\u00edtulo Oficial en T\u00e9cnico Superior Audiolog\u00eda Prot\u00e9sica. Logra la excelencia academica con un curso flexible y 100% online. Pr\u00e1cticas en Empresas incluidad.\" \/>\n<meta name=\"robots\" content=\"index, follow, max-snippet:-1, max-image-preview:large, max-video-preview:-1\" \/>\n<link rel=\"canonical\" href=\"https:\/\/fpvicentemoya.es\/formacion\/index.php\/demo-one-course\/\" \/>\n<meta property=\"og:locale\" content=\"es_ES\" \/>\n<meta property=\"og:type\" content=\"article\" \/>\n<meta property=\"og:title\" content=\"T\u00e9cnico Superior Audiolog\u00eda Prot\u00e9sica - FP Vicente Moya\" \/>\n<meta property=\"og:description\" content=\"T\u00edtulo Oficial en T\u00e9cnico Superior Audiolog\u00eda Prot\u00e9sica. Logra la excelencia academica con un curso flexible y 100% online. Pr\u00e1cticas en Empresas incluidad.\" \/>\n<meta property=\"og:url\" content=\"https:\/\/fpvicentemoya.es\/formacion\/index.php\/demo-one-course\/\" \/>\n<meta property=\"og:site_name\" content=\"FP Vicente Moya\" \/>\n<meta property=\"article:modified_time\" content=\"2020-03-31T15:46:41+00:00\" \/>\n<meta name=\"twitter:card\" content=\"summary_large_image\" \/>\n<meta name=\"twitter:label1\" content=\"Tiempo de lectura\" \/>\n\t<meta name=\"twitter:data1\" content=\"1 minuto\" \/>\n<script type=\"application\/ld+json\" class=\"yoast-schema-graph\">{\"@context\":\"https:\/\/schema.org\",\"@graph\":[{\"@type\":\"WebPage\",\"@id\":\"https:\/\/fpvicentemoya.es\/formacion\/index.php\/demo-one-course\/\",\"url\":\"https:\/\/fpvicentemoya.es\/formacion\/index.php\/demo-one-course\/\",\"name\":\"T\u00e9cnico Superior Audiolog\u00eda Prot\u00e9sica - FP Vicente Moya\",\"isPartOf\":{\"@id\":\"https:\/\/fpvicentemoya.es\/formacion\/#website\"},\"datePublished\":\"2016-01-28T07:53:20+00:00\",\"dateModified\":\"2020-03-31T15:46:41+00:00\",\"description\":\"T\u00edtulo Oficial en T\u00e9cnico Superior Audiolog\u00eda Prot\u00e9sica. Logra la excelencia academica con un curso flexible y 100% online. Pr\u00e1cticas en Empresas incluidad.\",\"breadcrumb\":{\"@id\":\"https:\/\/fpvicentemoya.es\/formacion\/index.php\/demo-one-course\/#breadcrumb\"},\"inLanguage\":\"es\",\"potentialAction\":[{\"@type\":\"ReadAction\",\"target\":[\"https:\/\/fpvicentemoya.es\/formacion\/index.php\/demo-one-course\/\"]}]},{\"@type\":\"BreadcrumbList\",\"@id\":\"https:\/\/fpvicentemoya.es\/formacion\/index.php\/demo-one-course\/#breadcrumb\",\"itemListElement\":[{\"@type\":\"ListItem\",\"position\":1,\"name\":\"Portada\",\"item\":\"https:\/\/fpvicentemoya.es\/formacion\/\"},{\"@type\":\"ListItem\",\"position\":2,\"name\":\"Inicio\"}]},{\"@type\":\"WebSite\",\"@id\":\"https:\/\/fpvicentemoya.es\/formacion\/#website\",\"url\":\"https:\/\/fpvicentemoya.es\/formacion\/\",\"name\":\"FP Vicente Moya\",\"description\":\"Formaci\u00f3n especializada\",\"potentialAction\":[{\"@type\":\"SearchAction\",\"target\":{\"@type\":\"EntryPoint\",\"urlTemplate\":\"https:\/\/fpvicentemoya.es\/formacion\/?s={search_term_string}\"},\"query-input\":{\"@type\":\"PropertyValueSpecification\",\"valueRequired\":true,\"valueName\":\"search_term_string\"}}],\"inLanguage\":\"es\"}]}<\/script>\n<!-- \/ Yoast SEO plugin. -->","yoast_head_json":{"title":"T\u00e9cnico Superior Audiolog\u00eda Prot\u00e9sica - FP Vicente Moya","description":"T\u00edtulo Oficial en T\u00e9cnico Superior Audiolog\u00eda Prot\u00e9sica. Logra la excelencia academica con un curso flexible y 100% online. Pr\u00e1cticas en Empresas incluidad.","robots":{"index":"index","follow":"follow","max-snippet":"max-snippet:-1","max-image-preview":"max-image-preview:large","max-video-preview":"max-video-preview:-1"},"canonical":"https:\/\/fpvicentemoya.es\/formacion\/index.php\/demo-one-course\/","og_locale":"es_ES","og_type":"article","og_title":"T\u00e9cnico Superior Audiolog\u00eda Prot\u00e9sica - FP Vicente Moya","og_description":"T\u00edtulo Oficial en T\u00e9cnico Superior Audiolog\u00eda Prot\u00e9sica. Logra la excelencia academica con un curso flexible y 100% online. Pr\u00e1cticas en Empresas incluidad.","og_url":"https:\/\/fpvicentemoya.es\/formacion\/index.php\/demo-one-course\/","og_site_name":"FP Vicente Moya","article_modified_time":"2020-03-31T15:46:41+00:00","twitter_card":"summary_large_image","twitter_misc":{"Tiempo de lectura":"1 minuto"},"schema":{"@context":"https:\/\/schema.org","@graph":[{"@type":"WebPage","@id":"https:\/\/fpvicentemoya.es\/formacion\/index.php\/demo-one-course\/","url":"https:\/\/fpvicentemoya.es\/formacion\/index.php\/demo-one-course\/","name":"T\u00e9cnico Superior Audiolog\u00eda Prot\u00e9sica - FP Vicente Moya","isPartOf":{"@id":"https:\/\/fpvicentemoya.es\/formacion\/#website"},"datePublished":"2016-01-28T07:53:20+00:00","dateModified":"2020-03-31T15:46:41+00:00","description":"T\u00edtulo Oficial en T\u00e9cnico Superior Audiolog\u00eda Prot\u00e9sica. Logra la excelencia academica con un curso flexible y 100% online. Pr\u00e1cticas en Empresas incluidad.","breadcrumb":{"@id":"https:\/\/fpvicentemoya.es\/formacion\/index.php\/demo-one-course\/#breadcrumb"},"inLanguage":"es","potentialAction":[{"@type":"ReadAction","target":["https:\/\/fpvicentemoya.es\/formacion\/index.php\/demo-one-course\/"]}]},{"@type":"BreadcrumbList","@id":"https:\/\/fpvicentemoya.es\/formacion\/index.php\/demo-one-course\/#breadcrumb","itemListElement":[{"@type":"ListItem","position":1,"name":"Portada","item":"https:\/\/fpvicentemoya.es\/formacion\/"},{"@type":"ListItem","position":2,"name":"Inicio"}]},{"@type":"WebSite","@id":"https:\/\/fpvicentemoya.es\/formacion\/#website","url":"https:\/\/fpvicentemoya.es\/formacion\/","name":"FP Vicente Moya","description":"Formaci\u00f3n especializada","potentialAction":[{"@type":"SearchAction","target":{"@type":"EntryPoint","urlTemplate":"https:\/\/fpvicentemoya.es\/formacion\/?s={search_term_string}"},"query-input":{"@type":"PropertyValueSpecification","valueRequired":true,"valueName":"search_term_string"}}],"inLanguage":"es"}]}},"_links":{"self":[{"href":"https:\/\/fpvicentemoya.es\/formacion\/index.php\/wp-json\/wp\/v2\/pages\/3971","targetHints":{"allow":["GET"]}}],"collection":[{"href":"https:\/\/fpvicentemoya.es\/formacion\/index.php\/wp-json\/wp\/v2\/pages"}],"about":[{"href":"https:\/\/fpvicentemoya.es\/formacion\/index.php\/wp-json\/wp\/v2\/types\/page"}],"author":[{"embeddable":true,"href":"https:\/\/fpvicentemoya.es\/formacion\/index.php\/wp-json\/wp\/v2\/users\/1"}],"replies":[{"embeddable":true,"href":"https:\/\/fpvicentemoya.es\/formacion\/index.php\/wp-json\/wp\/v2\/comments?post=3971"}],"version-history":[{"count":78,"href":"https:\/\/fpvicentemoya.es\/formacion\/index.php\/wp-json\/wp\/v2\/pages\/3971\/revisions"}],"predecessor-version":[{"id":4641,"href":"https:\/\/fpvicentemoya.es\/formacion\/index.php\/wp-json\/wp\/v2\/pages\/3971\/revisions\/4641"}],"wp:attachment":[{"href":"https:\/\/fpvicentemoya.es\/formacion\/index.php\/wp-json\/wp\/v2\/media?parent=3971"}],"curies":[{"name":"wp","href":"https:\/\/api.w.org\/{rel}","templated":true}]}}