{"id":2901,"date":"2015-11-18T08:34:00","date_gmt":"2015-11-18T08:34:00","guid":{"rendered":"http:\/\/demo.thimpress.com\/eduma\/?page_id=2901"},"modified":"2018-05-14T12:45:03","modified_gmt":"2018-05-14T12:45:03","slug":"quienes_somos","status":"publish","type":"page","link":"https:\/\/fpvicentemoya.es\/formacion\/index.php\/quienes_somos\/","title":{"rendered":"Quienes somos."},"content":{"rendered":"<div id=\"pl-2901\"  class=\"panel-layout\" ><div id=\"pg-2901-0\"  class=\"panel-grid panel-no-style\" ><div id=\"pgc-2901-0-0\"  class=\"panel-grid-cell\" ><div id=\"panel-2901-0-0-0\" class=\"so-panel widget widget_heading panel-first-child panel-last-child\" data-index=\"0\" ><div class=\"panel-widget-style panel-widget-style-for-2901-0-0-0\" ><div class=\"thim-widget-heading template-base\"><div class=\"sc_heading  text-center\"><h3 style=\"text-transform: uppercase;\" class=\"title\">Nuestra historia<\/h3><span class=\"line\"><\/span><\/div><\/div><\/div><\/div><\/div><\/div><div id=\"pg-2901-1\"  class=\"panel-grid panel-no-style\" ><div id=\"pgc-2901-1-0\"  class=\"panel-grid-cell\" ><div id=\"panel-2901-1-0-0\" class=\"so-panel widget widget_text panel-first-child panel-last-child\" data-index=\"1\" ><h3 class=\"widget-title\">Quienes somos.<\/h3>\t\t\t<div class=\"textwidget\">El centro Vicente Moya Pueyo inicia su actividad en el curso 2018\/2019 como resultado final de un proyecto que se remonta varios a\u00f1os tras y en el que su principal valedor, el Sr. don Vicente Moya Pueyo apost\u00f3 por la idea de desarrollar la formaci\u00f3n profesional en funci\u00f3n de la creciente demanda profesional de t\u00e9cnicos adecuadamente preparados no solo por la sociedad espa\u00f1ola, sino tambi\u00e9n por la sociedad europea.<\/div>\n\t\t<\/div><\/div><div id=\"pgc-2901-1-1\"  class=\"panel-grid-cell\" ><div id=\"panel-2901-1-1-0\" class=\"so-panel widget widget_text panel-first-child panel-last-child\" data-index=\"2\" ><h3 class=\"widget-title\">Vicente Moya Pueyo<\/h3>\t\t\t<div class=\"textwidget\">La faceta docente de Don Vicente Moya Pueyo, se remonta a sus or\u00edgenes, siendo hijo de maestra nacional de primaria y de maestro nacional de primaria. Es fundador del centro de educaci\u00f3n especial de sordomudos de Cuenca. M\u00e9dico, profesor de Formaci\u00f3n Profesional, Higiene y Seguridad en el trabajo en Arcos Jal\u00f3n, Soria y Madrid y aunque posteriormente fue catedr\u00e1tico de medicina legal y decano de la facultad de medicina de la Universidad Complutense de Madrid, no abandon\u00f3 la idea de ense\u00f1ar FP.<\/div>\n\t\t<\/div><\/div><\/div><div id=\"pg-2901-2\"  class=\"panel-grid panel-no-style\" ><div id=\"pgc-2901-2-0\"  class=\"panel-grid-cell\" ><div id=\"panel-2901-2-0-0\" class=\"so-panel widget widget_black-studio-tinymce widget_black_studio_tinymce panel-first-child\" data-index=\"3\" ><div class=\"textwidget\"><p><figure id=\"attachment_4493\" aria-describedby=\"caption-attachment-4493\" style=\"width: 213px\" class=\"wp-caption aligncenter\"><img fetchpriority=\"high\" decoding=\"async\" class=\"size-medium wp-image-4493\" src=\"http:\/\/fpvicentemoya.es\/formacion\/wp-content\/uploads\/2018\/05\/moya_pueyo_vicente_1933_-_2010_20130129_1860401162-213x300.jpg\" alt=\"\" width=\"213\" height=\"300\" srcset=\"https:\/\/fpvicentemoya.es\/formacion\/wp-content\/uploads\/2018\/05\/moya_pueyo_vicente_1933_-_2010_20130129_1860401162-213x300.jpg 213w, https:\/\/fpvicentemoya.es\/formacion\/wp-content\/uploads\/2018\/05\/moya_pueyo_vicente_1933_-_2010_20130129_1860401162-768x1083.jpg 768w, https:\/\/fpvicentemoya.es\/formacion\/wp-content\/uploads\/2018\/05\/moya_pueyo_vicente_1933_-_2010_20130129_1860401162-726x1024.jpg 726w, https:\/\/fpvicentemoya.es\/formacion\/wp-content\/uploads\/2018\/05\/moya_pueyo_vicente_1933_-_2010_20130129_1860401162.jpg 1474w\" sizes=\"(max-width: 213px) 100vw, 213px\" \/><figcaption id=\"caption-attachment-4493\" class=\"wp-caption-text\">Acad\u00e9mico de N\u00famero<br \/>Real Academia Nacional de Medicina<br \/>Fecha Lectura: 2\/11\/1993<br \/>Sill\u00f3n n\u00ba 19 -Medicina Legal-<br \/>Discurso de Ingreso: \"Los derechos del enfermo\"<\/figcaption><\/figure><\/p>\n<\/div><\/div><div id=\"panel-2901-2-0-1\" class=\"so-panel widget widget_text panel-last-child\" data-index=\"4\" >\t\t\t<div class=\"textwidget\"><div class=\"thim-about-us-quote\">\n<p>\u201cUna formaci\u00f3n profesional de calidad es y ser\u00e1 imprescindible en nuestra sociedad.\u201d<\/p>\n<div class=\"agency\">Vicente Moya Pueyo<\/div>\n<hr>\n<\/div><\/div>\n\t\t<\/div><\/div><\/div><\/div>","protected":false},"excerpt":{"rendered":"<p>El centro Vicente Moya Pueyo inicia su actividad en el curso 2018\/2019 como resultado final de un proyecto que se remonta varios a\u00f1os tras y en el que su principal valedor, el Sr. don Vicente Moya Pueyo apost\u00f3 por la &hellip; <\/p>\n","protected":false},"author":1,"featured_media":0,"parent":0,"menu_order":0,"comment_status":"closed","ping_status":"closed","template":"","meta":{"_monsterinsights_skip_tracking":false,"_monsterinsights_sitenote_active":false,"_monsterinsights_sitenote_note":"","_monsterinsights_sitenote_category":0,"footnotes":""},"class_list":["post-2901","page","type-page","status-publish","hentry"],"yoast_head":"<!-- This site is optimized with the Yoast SEO plugin v25.4 - https:\/\/yoast.com\/wordpress\/plugins\/seo\/ -->\n<title>Quienes somos. - FP Vicente Moya<\/title>\n<meta name=\"robots\" content=\"index, follow, max-snippet:-1, max-image-preview:large, max-video-preview:-1\" \/>\n<link rel=\"canonical\" href=\"https:\/\/fpvicentemoya.es\/formacion\/index.php\/quienes_somos\/\" \/>\n<meta property=\"og:locale\" content=\"es_ES\" \/>\n<meta property=\"og:type\" content=\"article\" \/>\n<meta property=\"og:title\" content=\"Quienes somos. - FP Vicente Moya\" \/>\n<meta property=\"og:description\" content=\"El centro Vicente Moya Pueyo inicia su actividad en el curso 2018\/2019 como resultado final de un proyecto que se remonta varios a\u00f1os tras y en el que su principal valedor, el Sr. don Vicente Moya Pueyo apost\u00f3 por la &hellip;\" \/>\n<meta property=\"og:url\" content=\"https:\/\/fpvicentemoya.es\/formacion\/index.php\/quienes_somos\/\" \/>\n<meta property=\"og:site_name\" content=\"FP Vicente Moya\" \/>\n<meta property=\"article:modified_time\" content=\"2018-05-14T12:45:03+00:00\" \/>\n<meta property=\"og:image\" content=\"http:\/\/fpvicentemoya.es\/formacion\/wp-content\/uploads\/2018\/05\/moya_pueyo_vicente_1933_-_2010_20130129_1860401162-213x300.jpg\" \/>\n<meta name=\"twitter:card\" content=\"summary_large_image\" \/>\n<meta name=\"twitter:label1\" content=\"Tiempo de lectura\" \/>\n\t<meta name=\"twitter:data1\" content=\"1 minuto\" \/>\n<script type=\"application\/ld+json\" class=\"yoast-schema-graph\">{\"@context\":\"https:\/\/schema.org\",\"@graph\":[{\"@type\":\"WebPage\",\"@id\":\"https:\/\/fpvicentemoya.es\/formacion\/index.php\/quienes_somos\/\",\"url\":\"https:\/\/fpvicentemoya.es\/formacion\/index.php\/quienes_somos\/\",\"name\":\"Quienes somos. - FP Vicente Moya\",\"isPartOf\":{\"@id\":\"https:\/\/fpvicentemoya.es\/formacion\/#website\"},\"primaryImageOfPage\":{\"@id\":\"https:\/\/fpvicentemoya.es\/formacion\/index.php\/quienes_somos\/#primaryimage\"},\"image\":{\"@id\":\"https:\/\/fpvicentemoya.es\/formacion\/index.php\/quienes_somos\/#primaryimage\"},\"thumbnailUrl\":\"http:\/\/fpvicentemoya.es\/formacion\/wp-content\/uploads\/2018\/05\/moya_pueyo_vicente_1933_-_2010_20130129_1860401162-213x300.jpg\",\"datePublished\":\"2015-11-18T08:34:00+00:00\",\"dateModified\":\"2018-05-14T12:45:03+00:00\",\"breadcrumb\":{\"@id\":\"https:\/\/fpvicentemoya.es\/formacion\/index.php\/quienes_somos\/#breadcrumb\"},\"inLanguage\":\"es\",\"potentialAction\":[{\"@type\":\"ReadAction\",\"target\":[\"https:\/\/fpvicentemoya.es\/formacion\/index.php\/quienes_somos\/\"]}]},{\"@type\":\"ImageObject\",\"inLanguage\":\"es\",\"@id\":\"https:\/\/fpvicentemoya.es\/formacion\/index.php\/quienes_somos\/#primaryimage\",\"url\":\"http:\/\/fpvicentemoya.es\/formacion\/wp-content\/uploads\/2018\/05\/moya_pueyo_vicente_1933_-_2010_20130129_1860401162-213x300.jpg\",\"contentUrl\":\"http:\/\/fpvicentemoya.es\/formacion\/wp-content\/uploads\/2018\/05\/moya_pueyo_vicente_1933_-_2010_20130129_1860401162-213x300.jpg\"},{\"@type\":\"BreadcrumbList\",\"@id\":\"https:\/\/fpvicentemoya.es\/formacion\/index.php\/quienes_somos\/#breadcrumb\",\"itemListElement\":[{\"@type\":\"ListItem\",\"position\":1,\"name\":\"Portada\",\"item\":\"https:\/\/fpvicentemoya.es\/formacion\/\"},{\"@type\":\"ListItem\",\"position\":2,\"name\":\"Quienes somos.\"}]},{\"@type\":\"WebSite\",\"@id\":\"https:\/\/fpvicentemoya.es\/formacion\/#website\",\"url\":\"https:\/\/fpvicentemoya.es\/formacion\/\",\"name\":\"FP Vicente Moya\",\"description\":\"Formaci\u00f3n especializada\",\"potentialAction\":[{\"@type\":\"SearchAction\",\"target\":{\"@type\":\"EntryPoint\",\"urlTemplate\":\"https:\/\/fpvicentemoya.es\/formacion\/?s={search_term_string}\"},\"query-input\":{\"@type\":\"PropertyValueSpecification\",\"valueRequired\":true,\"valueName\":\"search_term_string\"}}],\"inLanguage\":\"es\"}]}<\/script>\n<!-- \/ Yoast SEO plugin. -->","yoast_head_json":{"title":"Quienes somos. - FP Vicente Moya","robots":{"index":"index","follow":"follow","max-snippet":"max-snippet:-1","max-image-preview":"max-image-preview:large","max-video-preview":"max-video-preview:-1"},"canonical":"https:\/\/fpvicentemoya.es\/formacion\/index.php\/quienes_somos\/","og_locale":"es_ES","og_type":"article","og_title":"Quienes somos. - FP Vicente Moya","og_description":"El centro Vicente Moya Pueyo inicia su actividad en el curso 2018\/2019 como resultado final de un proyecto que se remonta varios a\u00f1os tras y en el que su principal valedor, el Sr. don Vicente Moya Pueyo apost\u00f3 por la &hellip;","og_url":"https:\/\/fpvicentemoya.es\/formacion\/index.php\/quienes_somos\/","og_site_name":"FP Vicente Moya","article_modified_time":"2018-05-14T12:45:03+00:00","og_image":[{"url":"http:\/\/fpvicentemoya.es\/formacion\/wp-content\/uploads\/2018\/05\/moya_pueyo_vicente_1933_-_2010_20130129_1860401162-213x300.jpg","type":"","width":"","height":""}],"twitter_card":"summary_large_image","twitter_misc":{"Tiempo de lectura":"1 minuto"},"schema":{"@context":"https:\/\/schema.org","@graph":[{"@type":"WebPage","@id":"https:\/\/fpvicentemoya.es\/formacion\/index.php\/quienes_somos\/","url":"https:\/\/fpvicentemoya.es\/formacion\/index.php\/quienes_somos\/","name":"Quienes somos. - FP Vicente Moya","isPartOf":{"@id":"https:\/\/fpvicentemoya.es\/formacion\/#website"},"primaryImageOfPage":{"@id":"https:\/\/fpvicentemoya.es\/formacion\/index.php\/quienes_somos\/#primaryimage"},"image":{"@id":"https:\/\/fpvicentemoya.es\/formacion\/index.php\/quienes_somos\/#primaryimage"},"thumbnailUrl":"http:\/\/fpvicentemoya.es\/formacion\/wp-content\/uploads\/2018\/05\/moya_pueyo_vicente_1933_-_2010_20130129_1860401162-213x300.jpg","datePublished":"2015-11-18T08:34:00+00:00","dateModified":"2018-05-14T12:45:03+00:00","breadcrumb":{"@id":"https:\/\/fpvicentemoya.es\/formacion\/index.php\/quienes_somos\/#breadcrumb"},"inLanguage":"es","potentialAction":[{"@type":"ReadAction","target":["https:\/\/fpvicentemoya.es\/formacion\/index.php\/quienes_somos\/"]}]},{"@type":"ImageObject","inLanguage":"es","@id":"https:\/\/fpvicentemoya.es\/formacion\/index.php\/quienes_somos\/#primaryimage","url":"http:\/\/fpvicentemoya.es\/formacion\/wp-content\/uploads\/2018\/05\/moya_pueyo_vicente_1933_-_2010_20130129_1860401162-213x300.jpg","contentUrl":"http:\/\/fpvicentemoya.es\/formacion\/wp-content\/uploads\/2018\/05\/moya_pueyo_vicente_1933_-_2010_20130129_1860401162-213x300.jpg"},{"@type":"BreadcrumbList","@id":"https:\/\/fpvicentemoya.es\/formacion\/index.php\/quienes_somos\/#breadcrumb","itemListElement":[{"@type":"ListItem","position":1,"name":"Portada","item":"https:\/\/fpvicentemoya.es\/formacion\/"},{"@type":"ListItem","position":2,"name":"Quienes somos."}]},{"@type":"WebSite","@id":"https:\/\/fpvicentemoya.es\/formacion\/#website","url":"https:\/\/fpvicentemoya.es\/formacion\/","name":"FP Vicente Moya","description":"Formaci\u00f3n especializada","potentialAction":[{"@type":"SearchAction","target":{"@type":"EntryPoint","urlTemplate":"https:\/\/fpvicentemoya.es\/formacion\/?s={search_term_string}"},"query-input":{"@type":"PropertyValueSpecification","valueRequired":true,"valueName":"search_term_string"}}],"inLanguage":"es"}]}},"_links":{"self":[{"href":"https:\/\/fpvicentemoya.es\/formacion\/index.php\/wp-json\/wp\/v2\/pages\/2901","targetHints":{"allow":["GET"]}}],"collection":[{"href":"https:\/\/fpvicentemoya.es\/formacion\/index.php\/wp-json\/wp\/v2\/pages"}],"about":[{"href":"https:\/\/fpvicentemoya.es\/formacion\/index.php\/wp-json\/wp\/v2\/types\/page"}],"author":[{"embeddable":true,"href":"https:\/\/fpvicentemoya.es\/formacion\/index.php\/wp-json\/wp\/v2\/users\/1"}],"replies":[{"embeddable":true,"href":"https:\/\/fpvicentemoya.es\/formacion\/index.php\/wp-json\/wp\/v2\/comments?post=2901"}],"version-history":[{"count":35,"href":"https:\/\/fpvicentemoya.es\/formacion\/index.php\/wp-json\/wp\/v2\/pages\/2901\/revisions"}],"predecessor-version":[{"id":4524,"href":"https:\/\/fpvicentemoya.es\/formacion\/index.php\/wp-json\/wp\/v2\/pages\/2901\/revisions\/4524"}],"wp:attachment":[{"href":"https:\/\/fpvicentemoya.es\/formacion\/index.php\/wp-json\/wp\/v2\/media?parent=2901"}],"curies":[{"name":"wp","href":"https:\/\/api.w.org\/{rel}","templated":true}]}}